{"id":985,"date":"2018-05-07T17:59:37","date_gmt":"2018-05-07T15:59:37","guid":{"rendered":"http:\/\/www.mediatech21.fr\/?page_id=985"},"modified":"2022-05-17T15:34:54","modified_gmt":"2022-05-17T13:34:54","slug":"propositions-de-rencontres","status":"publish","type":"page","link":"https:\/\/www.mediatech21.fr\/?page_id=985","title":{"rendered":"Propositions de rencontres"},"content":{"rendered":"<h1><span style=\"color: #008000;\">Vous trouverez ici des propositions de rencontres d&rsquo;\u00e9veil \u00e0 la foi au rythme de l&rsquo;ann\u00e9e liturgique. N&rsquo;h\u00e9sitez pas \u00e0 les utiliser !<\/span><\/h1>\n<ul>\n<li>\n<h2><span style=\"color: #008000;\">Pentec\u00f4te 2019 : L&rsquo;esprit Saint, cadeau de J\u00e9sus \u00e0 ses amis<\/span><\/h2>\n<ul>\n<li>\n<h3><a href=\"https:\/\/drive.google.com\/open?id=1QMv7kwdvWEGHJGZbniHyJF2nZbORrNuV\" target=\"_blank\" rel=\"noopener\"><span style=\"color: #008000;\">Rencontre<\/span><\/a><\/h3>\n<\/li>\n<li>\n<h3><span style=\"color: #008000;\">Annexes :<\/span><\/h3>\n<ul>\n<li>\n<h4><a href=\"https:\/\/drive.google.com\/open?id=1Efof07dJ7FQuJy7Cd3Y4kxjftVRdKNVs\" target=\"_blank\" rel=\"noopener\"><span style=\"color: #3366ff;\">Pour fabriquer une colombe<\/span><\/a><\/h4>\n<\/li>\n<li>\n<h4><a href=\"https:\/\/drive.google.com\/file\/d\/0BwNgGlkIBuuzdGpCWWtJbC02bC1DNF94MnZjOWJHYVljbjlJ\/view?usp=sharing&amp;resourcekey=0-M6YPJKP-UZKIx-wIyn98ZQ\" target=\"_blank\" rel=\"noopener\"><span style=\"color: #3366ff;\">Mobile de pentec\u00f4te<\/span><\/a><\/h4>\n<\/li>\n<li>\n<h4><a href=\"https:\/\/youtu.be\/F2iEcZJkVy8\" target=\"_blank\" rel=\"noopener\"><span style=\"color: #3366ff;\">Vid\u00e9o playmobil <\/span><\/a><\/h4>\n<\/li>\n<li>\n<h4><a href=\"https:\/\/www.youtube.com\/watch?v=lgB0U6RtkH8\" target=\"_blank\" rel=\"noopener\"><span style=\"color: #3366ff;\">Chant \u00ab\u00a0comme un grand vent\u00a0\u00bb de No\u00ebl Colombier<\/span><\/a><\/h4>\n<\/li>\n<li>\n<h4><a href=\"https:\/\/drive.google.com\/open?id=1dlNpLX-qaKIvG4Q_hfdD1LQzwAtygo10\" target=\"_blank\" rel=\"noopener\"><span style=\"color: #3366ff;\">Paroles du chant \u00ab\u00a0comme un grand vent\u00a0\u00bb<\/span><\/a><\/h4>\n<\/li>\n<\/ul>\n<\/li>\n<\/ul>\n<\/li>\n<li>\n<h2><span style=\"color: #008000;\">Mai 2019 : la p\u00eache miraculeuse<\/span><\/h2>\n<\/li>\n<\/ul>\n<h4><span style=\"color: #3366ff;\">En ces jours o\u00f9 nous f\u00eatons la r\u00e9surrection du Christ, nous vous proposons de nous arr\u00eater sur l&rsquo;\u00e9vangile du 5 mai 2019, la p\u00eache miraculeuse (Jn 21,1-19) et de vivre avec les enfants de vos groupes cette rencontre cr\u00e9\u00e9e par le service de la petite enfance du dioc\u00e8se de Paris.\u00a0<\/span><\/h4>\n<h4><span style=\"color: #3366ff;\">Merci \u00e0 Catherine LEBRUN de nous aider \u00e0 faire d\u00e9couvrir aux enfants que <b>J\u00e9sus vivant nous donne d\u2019accueillir les dons de Dieu et de lui rendre gr\u00e2ce.<\/b><\/span><\/h4>\n<h4><span style=\"color: #3366ff;\">Bonne marche avec J\u00e9sus vivant pour toujours et rendez-vous avec l&rsquo;Esprit-Saint pour la derni\u00e8re rencontre de l&rsquo;ann\u00e9e scolaire 2019.<\/span><\/h4>\n<h4><span style=\"color: #3366ff;\">Pour acc\u00e9der \u00e0 la rencontre propos\u00e9e par le dioc\u00e8se de Paris, <a style=\"color: #3366ff;\" href=\"https:\/\/www.paris.catholique.fr\/jesus-ressuscite-se-manifeste-par.html\" target=\"_blank\" rel=\"noopener\">CLIQUEZ ICI<\/a><\/span><\/h4>\n<ul>\n<li>\n<h2><span style=\"color: #008000;\">P\u00e2ques 2019 : vivre les jours vers P\u00e2ques avec J\u00e9sus<\/span><\/h2>\n<ul>\n<li>\n<h3><span style=\"color: #008000;\">R<a style=\"color: #008000;\" href=\"https:\/\/drive.google.com\/open?id=1IADLHiyF_NOb9Bb0uUZOgh6bS0i76VIA\" target=\"_blank\" rel=\"noopener\">encontre (avec vid\u00e9o-projecteur)<\/a><\/span><\/h3>\n<\/li>\n<li>\n<h3><a href=\"https:\/\/drive.google.com\/open?id=1HSKmN347J3XAhNl2VIeGi68RunwrEEF_\" target=\"_blank\" rel=\"noopener\"><span style=\"color: #008000;\">Rencontre (sans vid\u00e9o-projecteur)<\/span><\/a><\/h3>\n<\/li>\n<li>\n<h3><span style=\"color: #008000;\">Annexes :<\/span><\/h3>\n<ul>\n<li>\n<h4><a href=\"https:\/\/drive.google.com\/open?id=1VQubB0X1rgpZAsnpydPXT6iZASk4vY-S\" target=\"_blank\" rel=\"noopener\"><span style=\"color: #3366ff;\">Carte \u00e0 colorier<\/span><\/a><\/h4>\n<\/li>\n<li>\n<h4><a href=\"https:\/\/drive.google.com\/open?id=1NHNY30DEHuZvFVEr2FKsqiQweRIOhV3Y\" target=\"_blank\" rel=\"noopener\"><span style=\"color: #3366ff;\">Carte \u00e0 \u00e9vider<\/span><\/a><\/h4>\n<\/li>\n<\/ul>\n<\/li>\n<\/ul>\n<\/li>\n<li>\n<h2><span style=\"color: #008000;\">Mars 2019 : un P\u00e8re avait deux fils&#8230;<\/span><\/h2>\n<ul>\n<li>\n<h3><a href=\"https:\/\/drive.google.com\/open?id=1lFWlCY-mbknlGz2YYLkSxgyNGp5tGp19\" target=\"_blank\" rel=\"noopener\"><span style=\"color: #008000;\">Rencontre<\/span><\/a><\/h3>\n<\/li>\n<li>\n<h3><a href=\"https:\/\/drive.google.com\/open?id=1vqAvTd7WWfHxWMgWLzsZTBpJXZCs53On\" target=\"_blank\" rel=\"noopener\"><span style=\"color: #008000;\">Annexe<\/span><\/a><\/h3>\n<\/li>\n<\/ul>\n<\/li>\n<li>\n<h2><span style=\"color: #008000;\">F\u00e9vrier 2019 : J\u00e9sus, lumi\u00e8re pour tous<\/span><\/h2>\n<ul>\n<li>\n<h3><a href=\"https:\/\/drive.google.com\/open?id=1hIb4UYzbBMV_TC7Kamv62dV3mVcdlwxI\" target=\"_blank\" rel=\"noopener\"><span style=\"color: #008000;\">Rencontre<\/span><\/a><\/h3>\n<\/li>\n<li>\n<h3><span style=\"color: #008000;\">Annexes :<br \/>\n<\/span><\/h3>\n<ul>\n<li>\n<h4><a href=\"https:\/\/drive.google.com\/open?id=1rF9kGYc9aEhPhk-iT0hqvaf9yjv309Zc\" target=\"_blank\" rel=\"noopener\"><span style=\"color: #3366ff;\">Sym\u00e9on<\/span><\/a><\/h4>\n<\/li>\n<li>\n<h4><a href=\"https:\/\/drive.google.com\/open?id=1lUvovLV5ld2v28aAmfiOTk0Si1HtOMnj\" target=\"_blank\" rel=\"noopener\"><span style=\"color: #3366ff;\">Marie<\/span><\/a><\/h4>\n<\/li>\n<li>\n<h4><a href=\"https:\/\/drive.google.com\/open?id=1zepf3UEZiz8lIqixdEiqBF98cJpLEelr\" target=\"_blank\" rel=\"noopener\"><span style=\"color: #3366ff;\">Joseph<\/span><\/a><\/h4>\n<\/li>\n<li>\n<h4><a href=\"https:\/\/drive.google.com\/open?id=1YuR7O4wbmuCTt6honzJzUNmwUuXq6ztA\" target=\"_blank\" rel=\"noopener\"><span style=\"color: #3366ff;\">J\u00e9sus<\/span><\/a><\/h4>\n<\/li>\n<li>\n<h4><a href=\"https:\/\/drive.google.com\/open?id=1NYm3w6iZ06jeBFcT7oUg9sKsIXEMMEPh\" target=\"_blank\" rel=\"noopener\"><span style=\"color: #3366ff;\">Vitrail couleur<\/span><\/a><\/h4>\n<\/li>\n<li>\n<h4><a href=\"https:\/\/drive.google.com\/open?id=1E7HS8cKIfe_Gwm8Q4nJe8wB509Cu9T75\" target=\"_blank\" rel=\"noopener\"><span style=\"color: #3366ff;\">Vitrail noir &amp; blanc<\/span><\/a><\/h4>\n<\/li>\n<\/ul>\n<\/li>\n<\/ul>\n<\/li>\n<li>\n<h2><span style=\"color: #008000;\">Janvier 2019 &#8211; Epiphanie : \u00e0 la recherche d&rsquo;un roi<\/span><\/h2>\n<ul>\n<li>\n<h3><a href=\"https:\/\/drive.google.com\/open?id=19InZilzuWLwJus3Mdhl6k3nRMplb2yea\" target=\"_blank\" rel=\"noopener\"><span style=\"color: #008000;\">Rencontre<\/span><\/a><\/h3>\n<\/li>\n<li>\n<h3><span style=\"color: #008000;\">Annexes :<\/span><\/h3>\n<ul>\n<li>\n<h4><a href=\"https:\/\/drive.google.com\/open?id=1gy6YU2DXxdeoziSuhSrdBPtdDiL8751A\" target=\"_blank\" rel=\"noopener\"><span style=\"color: #3366ff;\">Panneau J\u00e9rusalem couleur<\/span><\/a><\/h4>\n<\/li>\n<li>\n<h4><a href=\"https:\/\/drive.google.com\/open?id=1dzUFmHkMZmB_UrSry59XpzLydcv_R4h7\" target=\"_blank\" rel=\"noopener\"><span style=\"color: #3366ff;\">Panneau cr\u00e8che couleur<\/span><\/a><\/h4>\n<\/li>\n<li>\n<h4><a href=\"https:\/\/drive.google.com\/open?id=1HetHNjq54O3XNvZowoW6-PQbkGyKm--B\" target=\"_blank\" rel=\"noopener\"><span style=\"color: #3366ff;\">Panneau ciel \u00e9toil\u00e9<\/span><\/a><\/h4>\n<\/li>\n<li>\n<h4><a href=\"https:\/\/drive.google.com\/open?id=1VOTz0_bQYti44ZWNdENdqHiFnE1Au-Gi\" target=\"_blank\" rel=\"noopener\"><span style=\"color: #3366ff;\">\u00c9toiles \u00e0 d\u00e9placer<\/span><\/a><\/h4>\n<\/li>\n<li>\n<h4><a href=\"https:\/\/drive.google.com\/open?id=1osNMpQjarTi5qarScnByBKjynHQLU431\" target=\"_blank\" rel=\"noopener\"><span style=\"color: #3366ff;\">Plan bo\u00eete \u00e0 cadeau<\/span><\/a><\/h4>\n<\/li>\n<\/ul>\n<\/li>\n<\/ul>\n<\/li>\n<\/ul>\n<ul>\n<li>\n<h2><span style=\"color: #008000;\">D\u00e9cembre &#8211; No\u00ebl 2018 : suivons les bergers, allons \u00e0 la cr\u00e8che<\/span><\/h2>\n<ul>\n<li>\n<h3><a href=\"https:\/\/drive.google.com\/open?id=1Go8gpomUEQmNhupozcoSb2cZZ0o2qI5j\" target=\"_blank\" rel=\"noopener\"><span style=\"color: #008000;\">Rencontre<\/span><\/a><\/h3>\n<\/li>\n<li>\n<h3><span style=\"color: #008000;\">Annexes<\/span><\/h3>\n<ul>\n<li>\n<h4><a href=\"https:\/\/drive.google.com\/open?id=1qZQhyVn0kl5cl28jYq4l0MdJEO-S4Zi-\" target=\"_blank\" rel=\"noopener\"><span style=\"color: #3366ff;\">Puzzle-mode d&#8217;emploi<\/span><\/a><\/h4>\n<\/li>\n<li>\n<h4><a href=\"https:\/\/drive.google.com\/open?id=1i4sHvFNR4IVg33qAt7q_mIebBsaKa4bs\" target=\"_blank\" rel=\"noopener\"><span style=\"color: #3366ff;\">Puzzle<\/span><\/a><\/h4>\n<\/li>\n<li>\n<h4><a href=\"https:\/\/drive.google.com\/open?id=1nIYV9LooIvE8l8t5-MKEAouXOEbHtn_q\" target=\"_blank\" rel=\"noopener\"><span style=\"color: #3366ff;\">Personnage de Petit Pierre<\/span><\/a><\/h4>\n<\/li>\n<li>\n<h4><a href=\"https:\/\/www.youtube.com\/watch?v=C1oB3G3FvhE\" target=\"_blank\" rel=\"noopener\"><span style=\"color: #3366ff;\">Chant : l&rsquo;as-tu vu ?<\/span><\/a><\/h4>\n<\/li>\n<li>\n<h4><a href=\"https:\/\/www.youtube.com\/watch?v=AgdtoRY4VTY\" target=\"_blank\" rel=\"noopener\"><span style=\"color: #3366ff;\">Chant : Il es n\u00e9 le divin enfant<\/span><\/a><\/h4>\n<\/li>\n<\/ul>\n<\/li>\n<\/ul>\n<\/li>\n<\/ul>\n<ul>\n<li>\n<h2><span style=\"color: #008000;\">D\u00e9cembre &#8211; Avent 2018 : un temps pour se pr\u00e9parer \u00e0 accueillir J\u00e9sus<\/span><\/h2>\n<ul>\n<li>\n<h3><a href=\"https:\/\/drive.google.com\/open?id=12MFuUTj9lwtgTSPmlKv3_XBHbL5Nm-F_\" target=\"_blank\" rel=\"noopener\"><span style=\"color: #008000;\">Rencontre<\/span><\/a><\/h3>\n<\/li>\n<li>\n<h3><span style=\"color: #008000;\">Annexes :<\/span><\/h3>\n<ul>\n<li>\n<h4><a href=\"https:\/\/drive.google.com\/open?id=1w9ZvRYRAGU-DLYintjJ2OKnRW5HKhUVD\" target=\"_blank\" rel=\"noopener\"><span style=\"color: #3366ff;\">Couronne de l&rsquo;Avent<\/span><\/a><\/h4>\n<\/li>\n<li>\n<h4><a href=\"https:\/\/drive.google.com\/open?id=1N1CxcCc7I4e4H6UOPWgNFr-NoPDJL7XT\" target=\"_blank\" rel=\"noopener\"><span style=\"color: #3366ff;\">Lanterne de No\u00ebl<\/span><\/a><\/h4>\n<\/li>\n<li>\n<h4><span style=\"color: #3366ff;\"><a style=\"color: #3366ff;\" href=\"http:\/\/prionsenchanson.blogspot.com\/2016\/12\/apprends-nous-marie.html\" target=\"_blank\" rel=\"noopener\">Chant \u00ab\u00a0apprends-nous Marie\u00a0\u00bb de R. Lebel<\/a><\/span><\/h4>\n<\/li>\n<\/ul>\n<\/li>\n<\/ul>\n<\/li>\n<li>\n<h2><span style=\"color: #008000;\">Novembre : Tous saints avec J\u00e9sus<\/span><\/h2>\n<ul>\n<li>\n<h3><a href=\"https:\/\/drive.google.com\/open?id=1B0JnLj93EBjt-yotR5o9ODlSOjOosoTD\" target=\"_blank\" rel=\"noopener\"><span style=\"color: #008000;\">Rencontre<\/span><\/a><\/h3>\n<\/li>\n<li>\n<h3><span style=\"color: #008000;\">Annexes :<\/span><\/h3>\n<ul>\n<li>\n<h4><a href=\"https:\/\/drive.google.com\/open?id=1Wg-BtVb8tv95ZLp4knHUEqTPAWaqISRN\" target=\"_blank\" rel=\"noopener\"><span style=\"color: #3366ff;\">G\u00e2teau de Toussaint<\/span><\/a><\/h4>\n<\/li>\n<li>\n<h4><a href=\"http:\/\/www.chantez-online.org\/chant.php?ID=872\" target=\"_blank\" rel=\"noopener\"><span style=\"color: #3366ff;\">Chant \u00ab\u00a0J&rsquo;ai d\u00e9cid\u00e9 de suivre J\u00e9sus\u00a0\u00bb<\/span><\/a><\/h4>\n<\/li>\n<\/ul>\n<\/li>\n<\/ul>\n<\/li>\n<li>\n<h2><span style=\"color: #008000;\">Octobre : une ann\u00e9e avec J\u00e9sus<\/span><\/h2>\n<ul>\n<li>\n<h3><a href=\"https:\/\/drive.google.com\/open?id=1vedHvO5tKQd6ENKdPltl8Wd6GGQDLJ6A\" target=\"_blank\" rel=\"noopener\"><span style=\"color: #008000;\">Rencontre<\/span><\/a><\/h3>\n<\/li>\n<li>\n<h3><span style=\"color: #008000;\">Annexes :<\/span><\/h3>\n<ul>\n<li>\n<h4><a href=\"https:\/\/drive.google.com\/open?id=1xOPlobHBvybFdCOxLoI0MnXtpTjzuUss\" target=\"_blank\" rel=\"noopener\"><span style=\"color: #3366ff;\">Phrase \u00e0 \u00e9vider<\/span><\/a><\/h4>\n<\/li>\n<li>\n<h4><a href=\"https:\/\/drive.google.com\/open?id=1fPvRhW64JRULMI-1BMWhpTxf405CbWw6\" target=\"_blank\" rel=\"noopener\"><span style=\"color: #3366ff;\">Phrase \u00e0 colorier<\/span><\/a><\/h4>\n<\/li>\n<li>\n<h4><a href=\"https:\/\/drive.google.com\/open?id=1qZMKJZ79u_fiUg0AL-WVg5hQ8tERuFo9\" target=\"_blank\" rel=\"noopener\"><span style=\"color: #3366ff;\">Fiche jardinier<\/span><\/a><\/h4>\n<\/li>\n<\/ul>\n<\/li>\n<\/ul>\n<\/li>\n<li>\n<h2><span style=\"color: #008000;\">Septembre : Laissez venir \u00e0 moi les enfants<br \/>\n<\/span><\/h2>\n<ul>\n<li>\n<h3><a href=\"https:\/\/drive.google.com\/open?id=1gYX_UHVySrYNmbYvgTeVEkkqNljH6qiq\" target=\"_blank\" rel=\"noopener\"><span style=\"color: #008000;\">Rencontre<\/span><\/a><\/h3>\n<\/li>\n<li>\n<h3><span style=\"color: #008000;\">Annexes :<br \/>\n<\/span><\/h3>\n<ul>\n<li>\n<h4><a href=\"https:\/\/drive.google.com\/open?id=1PuFzuLm7LZfhjCqSG3of0PwQ-odxEWSZ\" target=\"_blank\" rel=\"noopener\"><span style=\"color: #3366ff;\">Dessins couleur<\/span><\/a><\/h4>\n<\/li>\n<li>\n<h4><a href=\"https:\/\/drive.google.com\/open?id=1iT5NyooQHVMDY12e8D3peLOjmyjzwAcv\" target=\"_blank\" rel=\"noopener\"><span style=\"color: #3366ff;\">Dessins noir &amp; blanc<\/span><\/a><\/h4>\n<\/li>\n<\/ul>\n<\/li>\n<\/ul>\n<\/li>\n<\/ul>\n<ul>\n<li>\n<h2><a href=\"https:\/\/drive.google.com\/open?id=10_V2KZZzVQ0MzfiUyZdOgsJdLbFsJBaA\" target=\"_blank\" rel=\"noopener\"><span style=\"color: #008000;\">Juin : Te dire merci<\/span><\/a><\/h2>\n<\/li>\n<\/ul>\n<h2><span style=\"color: #008000;\">Mai : Pentec\u00f4te<\/span><\/h2>\n<ul>\n<li>\n<h3><a href=\"https:\/\/drive.google.com\/open?id=1sY1M-tUd6o8YlesgYHQts9xRuPJAguB3\" target=\"_blank\" rel=\"noopener\"><span style=\"color: #008000;\">Rencontre<\/span><\/a><\/h3>\n<\/li>\n<li>\n<h3><span style=\"color: #008000;\">Annexes : <\/span><\/h3>\n<ul>\n<li>\n<h4><span style=\"color: #3366ff;\"><a style=\"color: #3366ff;\" href=\"https:\/\/drive.google.com\/open?id=1awHAnN2wA5o6Pw_wTc2hvemzNsrWcj9R\" target=\"_blank\" rel=\"noopener\">image de vent<\/a><\/span><\/h4>\n<\/li>\n<li>\n<h4><span style=\"color: #3366ff;\"><a style=\"color: #3366ff;\" href=\"https:\/\/drive.google.com\/open?id=1hAyAiWwL1iCdmdFu9_PiD3d2-EmgCV-n\" target=\"_blank\" rel=\"noopener\">fabrication moulin \u00e0 vent<\/a><\/span><\/h4>\n<\/li>\n<li>\n<h4><span style=\"color: #3366ff;\"><a style=\"color: #3366ff;\" href=\"https:\/\/drive.google.com\/open?id=1acZf_UYZNHUtEg9TSKZ1Eo6f8VSdmfPx\" target=\"_blank\" rel=\"noopener\">image de feu<\/a><\/span><\/h4>\n<\/li>\n<li>\n<h4><span style=\"color: #3366ff;\"><a style=\"color: #3366ff;\" href=\"https:\/\/drive.google.com\/open?id=1xJKzr6B4Jw10qFWoUXRiue-IIM4BlJsA\" target=\"_blank\" rel=\"noopener\">image de colombe<\/a><\/span><\/h4>\n<\/li>\n<li>\n<h4><span style=\"color: #3366ff;\"><a style=\"color: #3366ff;\" href=\"https:\/\/drive.google.com\/open?id=1HddNGm90EFxhJCL-1ZFiwXMLkCC3-zz2\" target=\"_blank\" rel=\"noopener\">fabrication de la colombe<\/a><\/span><\/h4>\n<\/li>\n<li>\n<h4><a href=\"https:\/\/drive.google.com\/open?id=1ywniNTkVH69Rl4NC-8-KlqYf4c_DaJAm\" target=\"_blank\" rel=\"noopener\"><span style=\"color: #3366ff;\">image d&rsquo;huile<\/span><\/a><\/h4>\n<\/li>\n<li>\n<h4><a href=\"https:\/\/drive.google.com\/open?id=1Ewwx7eAjHZ7ppWR-aA6OhQinKlG7XuK1\" target=\"_blank\" rel=\"noopener\"><span style=\"color: #3366ff;\">badges \u00e9quipe<\/span><\/a><\/h4>\n<\/li>\n<li>\n<h4><span style=\"color: #3366ff;\"><a style=\"color: #3366ff;\" href=\"https:\/\/drive.google.com\/open?id=1vhAXEgzQgV-M9y6BPVD3DjZbKduw5qRl\" target=\"_blank\" rel=\"noopener\">gestes du chant<\/a><\/span><\/h4>\n<\/li>\n<\/ul>\n<\/li>\n<\/ul>\n","protected":false},"excerpt":{"rendered":"<p>Vous trouverez ici des propositions de rencontres d&rsquo;\u00e9veil \u00e0 la foi au rythme de l&rsquo;ann\u00e9e liturgique. N&rsquo;h\u00e9sitez pas \u00e0 les utiliser ! Pentec\u00f4te 2019 : L&rsquo;esprit Saint, cadeau de J\u00e9sus \u00e0 ses amis Rencontre Annexes : Pour fabriquer une colombe Mobile de pentec\u00f4te Vid\u00e9o playmobil Chant \u00ab\u00a0comme un grand vent\u00a0\u00bb de No\u00ebl Colombier Paroles du &hellip; <\/p>\n<p><a class=\"more-link btn\" href=\"https:\/\/www.mediatech21.fr\/?page_id=985\">Lire la suite<\/a><\/p>\n","protected":false},"author":1,"featured_media":0,"parent":0,"menu_order":0,"comment_status":"closed","ping_status":"closed","template":"","meta":{"footnotes":""},"_links":{"self":[{"href":"https:\/\/www.mediatech21.fr\/index.php?rest_route=\/wp\/v2\/pages\/985"}],"collection":[{"href":"https:\/\/www.mediatech21.fr\/index.php?rest_route=\/wp\/v2\/pages"}],"about":[{"href":"https:\/\/www.mediatech21.fr\/index.php?rest_route=\/wp\/v2\/types\/page"}],"author":[{"embeddable":true,"href":"https:\/\/www.mediatech21.fr\/index.php?rest_route=\/wp\/v2\/users\/1"}],"replies":[{"embeddable":true,"href":"https:\/\/www.mediatech21.fr\/index.php?rest_route=%2Fwp%2Fv2%2Fcomments&post=985"}],"version-history":[{"count":27,"href":"https:\/\/www.mediatech21.fr\/index.php?rest_route=\/wp\/v2\/pages\/985\/revisions"}],"predecessor-version":[{"id":1669,"href":"https:\/\/www.mediatech21.fr\/index.php?rest_route=\/wp\/v2\/pages\/985\/revisions\/1669"}],"wp:attachment":[{"href":"https:\/\/www.mediatech21.fr\/index.php?rest_route=%2Fwp%2Fv2%2Fmedia&parent=985"}],"curies":[{"name":"wp","href":"https:\/\/api.w.org\/{rel}","templated":true}]}}