{"id":97,"date":"2013-06-17T11:52:02","date_gmt":"2013-06-17T09:52:02","guid":{"rendered":"http:\/\/www.mediadoc21.fr\/?page_id=97"},"modified":"2018-05-07T18:08:17","modified_gmt":"2018-05-07T16:08:17","slug":"flux-rss","status":"publish","type":"page","link":"https:\/\/www.mediatech21.fr\/?page_id=97","title":{"rendered":"Actualit\u00e9s de quelques sites chr\u00e9tiens"},"content":{"rendered":"<h3>Notre-Dame du web<\/h3>\n<p><code><\/code><\/p>\n<h3>Conf\u00e9rence des \u00e9v\u00eaques de France &#8211; Toutes les actualit\u00e9s<\/h3>\n<p><code><\/code><\/p>\n<h3>La Croix.com : Actualit\u00e9 religieuse<\/h3>\n<p><code><ul><li><a href=\"https:\/\/www.la-croix.com\/culture\/sur-le-front-mon-jardin-est-il-pollue-l-invisible-pollution-des-sols-20260504\">\u00ab\u00a0Sur le front\u00a0: mon jardin est-il pollu\u00e9\u00a0?\u00a0\u00bb\u00a0: l\u2019invisible pollution des sols<\/a><\/li><li><a href=\"https:\/\/www.la-croix.com\/religion\/leon-xiv-et-donald-trump-marco-rubio-a-rome-et-au-vatican-pour-amorcer-un-degel-20260503\">L\u00e9on\u00a0XIV et Donald Trump\u00a0: Marco Rubio va rencontrer le pape pour amorcer un \u00ab\u00a0d\u00e9gel\u00a0\u00bb<\/a><\/li><li><a href=\"https:\/\/www.la-croix.com\/religion\/guerre-au-liban-un-couvent-et-une-ecole-detruits-a-yaroun-par-l-armee-israelienne-20260504\">Guerre au Liban\u00a0: un couvent et une \u00e9cole d\u00e9truits \u00e0 Yaroun par l\u2019arm\u00e9e isra\u00e9lienne<\/a><\/li><li><a href=\"https:\/\/www.la-croix.com\/international\/conflits-l-oms-msf-et-le-cicr-denoncent-les-attaques-contre-les-services-de-sante-20260504\">Conflits\u00a0: l\u2019OMS, MSF et le CICR d\u00e9noncent les attaques contre les services de sant\u00e9<\/a><\/li><\/ul><\/code><\/p>\n<p>&nbsp;<\/p>\n","protected":false},"excerpt":{"rendered":"<p>Notre-Dame du web Conf\u00e9rence des \u00e9v\u00eaques de France &#8211; Toutes les actualit\u00e9s La Croix.com : Actualit\u00e9 religieuse &nbsp;<\/p>\n","protected":false},"author":1,"featured_media":0,"parent":95,"menu_order":0,"comment_status":"open","ping_status":"open","template":"","meta":{"footnotes":""},"_links":{"self":[{"href":"https:\/\/www.mediatech21.fr\/index.php?rest_route=\/wp\/v2\/pages\/97"}],"collection":[{"href":"https:\/\/www.mediatech21.fr\/index.php?rest_route=\/wp\/v2\/pages"}],"about":[{"href":"https:\/\/www.mediatech21.fr\/index.php?rest_route=\/wp\/v2\/types\/page"}],"author":[{"embeddable":true,"href":"https:\/\/www.mediatech21.fr\/index.php?rest_route=\/wp\/v2\/users\/1"}],"replies":[{"embeddable":true,"href":"https:\/\/www.mediatech21.fr\/index.php?rest_route=%2Fwp%2Fv2%2Fcomments&post=97"}],"version-history":[{"count":3,"href":"https:\/\/www.mediatech21.fr\/index.php?rest_route=\/wp\/v2\/pages\/97\/revisions"}],"predecessor-version":[{"id":993,"href":"https:\/\/www.mediatech21.fr\/index.php?rest_route=\/wp\/v2\/pages\/97\/revisions\/993"}],"up":[{"embeddable":true,"href":"https:\/\/www.mediatech21.fr\/index.php?rest_route=\/wp\/v2\/pages\/95"}],"wp:attachment":[{"href":"https:\/\/www.mediatech21.fr\/index.php?rest_route=%2Fwp%2Fv2%2Fmedia&parent=97"}],"curies":[{"name":"wp","href":"https:\/\/api.w.org\/{rel}","templated":true}]}}