{"id":938,"date":"2018-02-02T16:53:57","date_gmt":"2018-02-02T14:53:57","guid":{"rendered":"http:\/\/www.mediatech21.fr\/?page_id=938"},"modified":"2018-02-02T17:12:18","modified_gmt":"2018-02-02T15:12:18","slug":"primaire","status":"publish","type":"page","link":"https:\/\/www.mediatech21.fr\/?page_id=938","title":{"rendered":"Primaire"},"content":{"rendered":"<h2><a href=\"http:\/\/www.mediatech21.fr\/wp-content\/uploads\/2018\/02\/PEE-P\u00e2ques-2018-2.jpg\"><img decoding=\"async\" loading=\"lazy\" class=\"wp-image-941 alignleft\" src=\"http:\/\/www.mediatech21.fr\/wp-content\/uploads\/2018\/02\/PEE-P\u00e2ques-2018-2.jpg\" alt=\"PEE P\u00e2ques 2018-2\" width=\"90\" height=\"193\" srcset=\"https:\/\/www.mediatech21.fr\/wp-content\/uploads\/2018\/02\/PEE-P\u00e2ques-2018-2.jpg 305w, https:\/\/www.mediatech21.fr\/wp-content\/uploads\/2018\/02\/PEE-P\u00e2ques-2018-2-140x300.jpg 140w\" sizes=\"(max-width: 90px) 100vw, 90px\" \/><\/a><strong><span style=\"color: #800080;\">Car\u00eame, semaine sainte, P\u00e2ques : Prions en Eglise Junior et Magnificat Junior proposent souvent de bonnes id\u00e9es pour en parler aux enfants de primaire et pour les aider au mieux \u00e0 vivre ces moments forts de la liturgie, n&rsquo;h\u00e9sitez pas \u00e0 venir les emprunter au service :<\/span><\/strong><\/h2>\n<ul>\n<li>\n<h3><strong><span style=\"color: #800080;\">Prions en \u00c9glise Junior n\u00b081, disponible au service M\u00e9diatech&rsquo;21, explique \u00e0 l&rsquo;enfant, en quelques phrases, comment prier (p.152-153)<br \/>\n<\/span><\/strong><\/h3>\n<\/li>\n<li>\n<h3><strong><span style=\"color: #800080;\">Ce m\u00eame num\u00e9ro propose un chemin de croix tout \u00e0 fait adapt\u00e9 aux enfants.<\/span><\/strong><\/h3>\n<\/li>\n<\/ul>\n","protected":false},"excerpt":{"rendered":"<p>Car\u00eame, semaine sainte, P\u00e2ques : Prions en Eglise Junior et Magnificat Junior proposent souvent de bonnes id\u00e9es pour en parler aux enfants de primaire et pour les aider au mieux \u00e0 vivre ces moments forts de la liturgie, n&rsquo;h\u00e9sitez pas \u00e0 venir les emprunter au service : Prions en \u00c9glise Junior n\u00b081, disponible au service &hellip; <\/p>\n<p><a class=\"more-link btn\" href=\"https:\/\/www.mediatech21.fr\/?page_id=938\">Lire la suite<\/a><\/p>\n","protected":false},"author":1,"featured_media":0,"parent":0,"menu_order":0,"comment_status":"closed","ping_status":"closed","template":"","meta":{"footnotes":""},"_links":{"self":[{"href":"https:\/\/www.mediatech21.fr\/index.php?rest_route=\/wp\/v2\/pages\/938"}],"collection":[{"href":"https:\/\/www.mediatech21.fr\/index.php?rest_route=\/wp\/v2\/pages"}],"about":[{"href":"https:\/\/www.mediatech21.fr\/index.php?rest_route=\/wp\/v2\/types\/page"}],"author":[{"embeddable":true,"href":"https:\/\/www.mediatech21.fr\/index.php?rest_route=\/wp\/v2\/users\/1"}],"replies":[{"embeddable":true,"href":"https:\/\/www.mediatech21.fr\/index.php?rest_route=%2Fwp%2Fv2%2Fcomments&post=938"}],"version-history":[{"count":4,"href":"https:\/\/www.mediatech21.fr\/index.php?rest_route=\/wp\/v2\/pages\/938\/revisions"}],"predecessor-version":[{"id":978,"href":"https:\/\/www.mediatech21.fr\/index.php?rest_route=\/wp\/v2\/pages\/938\/revisions\/978"}],"wp:attachment":[{"href":"https:\/\/www.mediatech21.fr\/index.php?rest_route=%2Fwp%2Fv2%2Fmedia&parent=938"}],"curies":[{"name":"wp","href":"https:\/\/api.w.org\/{rel}","templated":true}]}}