{"id":823,"date":"2017-06-26T11:29:50","date_gmt":"2017-06-26T09:29:50","guid":{"rendered":"http:\/\/www.mediatech21.fr\/?page_id=823"},"modified":"2022-09-28T11:24:15","modified_gmt":"2022-09-28T09:24:15","slug":"formations-en-ligne","status":"publish","type":"page","link":"https:\/\/www.mediatech21.fr\/?page_id=823","title":{"rendered":"Formations en ligne"},"content":{"rendered":"<div>\n<div class=\"m_-90107285751612647m_2748278560422359208gmail_signature\">\n<div dir=\"ltr\">\n<div dir=\"ltr\">\n<div dir=\"ltr\">\n<div>\n<div>\n<ul>\n<li>\n<h2><span class=\"has-inline-color has-vivid-cyan-blue-color\"><a href=\"https:\/\/decouverte.editions-mediaclap.fr\/actus\/juin\/nos-prochaines-dates-de-formation?utm_source=Newsletter+Juin+2021&amp;utm_campaign=92200fb734-EMAIL_CAMPAIGN_2019_11_13_09_15_COPY_01&amp;utm_medium=email&amp;utm_term=0_7696974fb5-92200fb734-110119814\" target=\"_blank\" rel=\"noreferrer noopener\" data-rich-text-format-boundary=\"true\">M\u00e9diaclap : formations\u00a0<\/a> \u00e0 l&rsquo;EARS (\u00e9ducation affective, relationnelle et sexuelle) et autres formations \u00e0 la vie des adolescent<\/span><\/h2>\n<\/li>\n<\/ul>\n<ul>\n<li>\n<h1><a href=\"https:\/\/image-et-pastorale.fr\/formation\/formations-nationales-22-23\/\" target=\"_blank\" rel=\"noopener\"><span style=\"color: #ff6600;\">Image et Pastorale 2022-2023<\/span><\/a><\/h1>\n<\/li>\n<\/ul>\n<ul>\n<li>\n<h2><span style=\"font-family: arial, helvetica, sans-serif;\"><span style=\"color: #3366ff;\">Le <\/span><span style=\"color: #3366ff;\"><b>MOOC* des Cat\u00e9chis<\/b><\/span><span style=\"color: #3366ff;\"><b>tes<\/b><\/span><\/span><\/h2>\n<ul>\n<li>\n<h4>Le MOOC des cat\u00e9chistes #1 : le r\u00f4le du cat\u00e9chiste (non disponible en ligne mais cl\u00e9 usb disponible au service M\u00e9diatech&rsquo;21)<\/h4>\n<\/li>\n<li>\n<h4>Le MOOC des cat\u00e9chistes #2 : Prier et agir d&rsquo;un m\u00eame coeur (non disponible en ligne mais cl\u00e9 usb disponible au service M\u00e9diatech&rsquo;21)<\/h4>\n<\/li>\n<li>\n<h4><a href=\"https:\/\/formation-catholique.fr\/mooc-catechistes\/\" target=\"_blank\" rel=\"noopener\">Le MOOC des cat\u00e9chistes\u00a0 : se former pour mieux transmettre<\/a><\/h4>\n<\/li>\n<\/ul>\n<\/li>\n<\/ul>\n<h4><span style=\"color: #000000; font-family: arial, helvetica, sans-serif;\">\u00a0<\/span>* un MOOC est un cours en ligne qu&rsquo;on peut suivre d&rsquo;o\u00f9 on veut et quand on veut. Le dioc\u00e8se de Paris en a d\u00e9j\u00e0 organis\u00e9 deux. Vous pouvez les retrouver sur YouTube en cliquant sur les liens ci-dessus ou venir emprunter les cl\u00e9s USB au service M\u00e9diatech21 du dioc\u00e8se de Dijon.<\/h4>\n<h4>\u00a0<\/h4>\n<\/div>\n<\/div>\n<\/div>\n<\/div>\n<\/div>\n<\/div>\n<\/div>\n<ul>\n<li>\n<h2><span style=\"color: #800000;\"><a href=\"http:\/\/www.ktotv.com\/video\/00150521\/confirmation-nouveaux-debats\" target=\"_blank\" rel=\"noopener noreferrer\">La Foi prise au mot : la Confirmation, nouveaux d\u00e9bats<\/a> (\u00e9mission de KTO)<\/span><\/h2>\n<\/li>\n<\/ul>\n\n\n<h2 class=\"wp-block-heading\"><span class=\"has-inline-color has-vivid-cyan-blue-color\">  <\/span><\/h2>\n\n\n\n<p><\/p>\n","protected":false},"excerpt":{"rendered":"<p>M\u00e9diaclap : formations\u00a0 \u00e0 l&rsquo;EARS (\u00e9ducation affective, relationnelle et sexuelle) et autres formations \u00e0 la vie des adolescent Image et Pastorale 2022-2023 Le MOOC* des Cat\u00e9chistes Le MOOC des cat\u00e9chistes #1 : le r\u00f4le du cat\u00e9chiste (non disponible en ligne mais cl\u00e9 usb disponible au service M\u00e9diatech&rsquo;21) Le MOOC des cat\u00e9chistes #2 : Prier et &hellip; <\/p>\n<p><a class=\"more-link btn\" href=\"https:\/\/www.mediatech21.fr\/?page_id=823\">Lire la suite<\/a><\/p>\n","protected":false},"author":1,"featured_media":0,"parent":0,"menu_order":0,"comment_status":"closed","ping_status":"closed","template":"","meta":{"footnotes":""},"_links":{"self":[{"href":"https:\/\/www.mediatech21.fr\/index.php?rest_route=\/wp\/v2\/pages\/823"}],"collection":[{"href":"https:\/\/www.mediatech21.fr\/index.php?rest_route=\/wp\/v2\/pages"}],"about":[{"href":"https:\/\/www.mediatech21.fr\/index.php?rest_route=\/wp\/v2\/types\/page"}],"author":[{"embeddable":true,"href":"https:\/\/www.mediatech21.fr\/index.php?rest_route=\/wp\/v2\/users\/1"}],"replies":[{"embeddable":true,"href":"https:\/\/www.mediatech21.fr\/index.php?rest_route=%2Fwp%2Fv2%2Fcomments&post=823"}],"version-history":[{"count":14,"href":"https:\/\/www.mediatech21.fr\/index.php?rest_route=\/wp\/v2\/pages\/823\/revisions"}],"predecessor-version":[{"id":1685,"href":"https:\/\/www.mediatech21.fr\/index.php?rest_route=\/wp\/v2\/pages\/823\/revisions\/1685"}],"wp:attachment":[{"href":"https:\/\/www.mediatech21.fr\/index.php?rest_route=%2Fwp%2Fv2%2Fmedia&parent=823"}],"curies":[{"name":"wp","href":"https:\/\/api.w.org\/{rel}","templated":true}]}}