{"id":766,"date":"2017-01-06T11:29:05","date_gmt":"2017-01-06T09:29:05","guid":{"rendered":"http:\/\/www.mediatech21.fr\/?page_id=766"},"modified":"2020-10-07T09:45:45","modified_gmt":"2020-10-07T07:45:45","slug":"fiches-4eme-3eme","status":"publish","type":"page","link":"https:\/\/www.mediatech21.fr\/?page_id=766","title":{"rendered":"4\u00e8me-3\u00e8me : DOCUMENTS PEDAGOGIQUES"},"content":{"rendered":"<div>\n<h3><span style=\"color: #3366ff;\">Chers animateurs 4\u00b03\u00b0<\/span><\/h3>\n<h3><span style=\"color: #3366ff;\">Merci de l&rsquo;int\u00e9r\u00eat que vous portez \u00e0 notre travail. <\/span><\/h3>\n<h3><span style=\"color: #3366ff;\">Pendant toute cette ann\u00e9e, une \u00e9quipe de r\u00e9daction, compos\u00e9e du responsable dioc\u00e9sain de la pastorale des jeunes, d&rsquo;un pr\u00eatre en charge de plusieurs aum\u00f4neries, et d&rsquo;un membre du service de la cat\u00e9ch\u00e8se ont travaill\u00e9 \u00e0 la r\u00e9alisation d&rsquo;un parcours pour les 4\u00b0 3\u00b0, \u00e0 partir du Cat\u00e9chisme pour tous les \u00e2ges, \u00ab\u00a0Il est le Chemin, la V\u00e9rit\u00e9, la Vie\u00a0\u00bb. Ce parcours est d\u00e9sormais complet : il comprend 16 rencontres sur deux ann\u00e9es, ayant pour th\u00e8me l&rsquo;anthropologie chr\u00e9tienne.<\/span><\/h3>\n<h3><span style=\"color: #3366ff;\"><a href=\"https:\/\/drive.google.com\/open?id=1_il8KepoiPze9oQalak_Zag08JzInD3U\" target=\"_blank\" rel=\"noopener noreferrer\">En cliquant ici, vous pouvez voir le programme des rencontres<\/a>, vous trouverez ci-dessous quelques fiches, \u00e0 titre d&rsquo;exemple.\u00a0 <\/span><\/h3>\n<h3><span style=\"color: #3366ff;\">Ce parcours constitue le travail pr\u00e9paratoire \u00e0 un document qui sera <a href=\"https:\/\/www.editionsleseneve.fr\/livres\/240-il-est-le-chemin-la-verite-la-vie-dijon\/1\/all\" target=\"_blank\" rel=\"noopener noreferrer\">disponible en librairie au printemps 2021<\/a>. <\/span><\/h3>\n<h3><span style=\"color: #3366ff;\">Si vous le souhaitez, nous pouvons vous adresser, soit les fichiers pdf, soit une version papier de ces fiches, r\u00e9alis\u00e9e et factur\u00e9e par notre imprimerie dioc\u00e9saine. <\/span><\/h3>\n<h3><span style=\"color: #3366ff;\">Cependant,ces documents \u00e9tant en phase d\u2019exp\u00e9rimentation p\u00e9dagogique, ils n\u2019ont pas encore re\u00e7u l\u2019imprimatur \u00e0 usage cat\u00e9ch\u00e9tique en France et ne portent pas la marque visuelle de pr\u00e9conisation CECC (commission \u00e9piscopale de la cat\u00e9ch\u00e8se et du cat\u00e9chum\u00e9nat) de la conf\u00e9rence des \u00e9v\u00eaques de France. Ils ne sont pas destin\u00e9s \u00e0 perdurer sous leur forme actuelle et ne doivent donc pas \u00eatre reproduits ou utilis\u00e9s au-del\u00e0 de l\u2019ann\u00e9e scolaire 2018-2019.<\/span><\/h3>\n<\/div>\n<div>\n<h3><span style=\"color: #3366ff;\">Si vous souhaitez recevoir ces fiches, nous vous demanderons de nous retourner un engagement \u00e9crit (que nous joindrons \u00e0 notre envoi) de non duplication, et non-utilisation des fiches au-del\u00e0 de l&rsquo;ann\u00e9e scolaire 2018-2019.<\/span><\/h3>\n<div>\n<h3><span style=\"color: #3366ff;\">Par ailleurs, si certains d&rsquo;entre vous ont utilis\u00e9 notre parcours cette ann\u00e9e, nous serions tr\u00e8s heureux d&rsquo;avoir leurs impressions et leur retour d&rsquo;exp\u00e9rience. <\/span><\/h3>\n<h3><span style=\"color: #3366ff;\">Pour tout renseignement, merci d&rsquo;adresser vos demandes \u00e0 Sophie Pr\u00e9lot, du service de cat\u00e9ch\u00e8se du dioc\u00e8se de Dijon : <a href=\"mailto:catechese21@gmail.com\" target=\"_blank\" rel=\"noopener noreferrer\">catechese21@gmail.com<\/a><\/span><\/h3>\n<\/div>\n<\/div>\n<h2><span style=\"color: #3366ff;\"><strong>Exemples de fiches 4\u00e8me :<\/strong><\/span><\/h2>\n<h3><span style=\"color: #ff6600;\"><span style=\"color: #3366ff;\">Rencontre n\u00b01 \u00ab\u00a0Qui suis-je ?\u00a0\u00bb :<\/span> <span style=\"color: #3366ff;\">&#8211; <a style=\"color: #3366ff;\" href=\"https:\/\/drive.google.com\/open?id=1rEiCwWt3GI4zMT0UWBBS3cvf_Y13m_-A\" target=\"_blank\" rel=\"noopener noreferrer\">animateur<\/a><\/span><\/span><\/h3>\n<h3 style=\"padding-left: 240px;\"><span style=\"color: #ff6600;\"><a style=\"color: #ff6600;\" href=\"https:\/\/drive.google.com\/open?id=1OM91Md9139lLKXH-u7NYCicj84xZ3CL9\" target=\"_blank\" rel=\"noopener noreferrer\">&#8211; m\u00e9mento jeunes<\/a><\/span><\/h3>\n<h3><span style=\"color: #3366ff;\">Rencontre n\u00b02 \u00ab\u00a0Tous appel\u00e9s au bonheur\u00a0\u00bb : &#8211; <a style=\"color: #3366ff;\" href=\"https:\/\/drive.google.com\/open?id=1NrhQXc3Wlq-lJB7UE-dsHOMnc7GBkyKt\" target=\"_blank\" rel=\"noopener noreferrer\">animateur<\/a><\/span><\/h3>\n<h3 style=\"padding-left: 330px;\"><span style=\"color: #3366ff;\">\u00a0<span style=\"color: #ff6600;\">&#8211; <a style=\"color: #ff6600;\" href=\"https:\/\/drive.google.com\/open?id=1KVF4lLmnX15M-qxqPh2uS-Lds0eraR7r\" target=\"_blank\" rel=\"noopener noreferrer\">m\u00e9mento jeunes<\/a><\/span><\/span><strong><span style=\"color: #3366ff;\"><br \/>\n<\/span><\/strong><\/h3>\n","protected":false},"excerpt":{"rendered":"<p>Chers animateurs 4\u00b03\u00b0 Merci de l&rsquo;int\u00e9r\u00eat que vous portez \u00e0 notre travail. Pendant toute cette ann\u00e9e, une \u00e9quipe de r\u00e9daction, compos\u00e9e du responsable dioc\u00e9sain de la pastorale des jeunes, d&rsquo;un pr\u00eatre en charge de plusieurs aum\u00f4neries, et d&rsquo;un membre du service de la cat\u00e9ch\u00e8se ont travaill\u00e9 \u00e0 la r\u00e9alisation d&rsquo;un parcours pour les 4\u00b0 3\u00b0, &hellip; <\/p>\n<p><a class=\"more-link btn\" href=\"https:\/\/www.mediatech21.fr\/?page_id=766\">Lire la suite<\/a><\/p>\n","protected":false},"author":1,"featured_media":0,"parent":0,"menu_order":0,"comment_status":"closed","ping_status":"closed","template":"","meta":{"footnotes":""},"_links":{"self":[{"href":"https:\/\/www.mediatech21.fr\/index.php?rest_route=\/wp\/v2\/pages\/766"}],"collection":[{"href":"https:\/\/www.mediatech21.fr\/index.php?rest_route=\/wp\/v2\/pages"}],"about":[{"href":"https:\/\/www.mediatech21.fr\/index.php?rest_route=\/wp\/v2\/types\/page"}],"author":[{"embeddable":true,"href":"https:\/\/www.mediatech21.fr\/index.php?rest_route=\/wp\/v2\/users\/1"}],"replies":[{"embeddable":true,"href":"https:\/\/www.mediatech21.fr\/index.php?rest_route=%2Fwp%2Fv2%2Fcomments&post=766"}],"version-history":[{"count":39,"href":"https:\/\/www.mediatech21.fr\/index.php?rest_route=\/wp\/v2\/pages\/766\/revisions"}],"predecessor-version":[{"id":1282,"href":"https:\/\/www.mediatech21.fr\/index.php?rest_route=\/wp\/v2\/pages\/766\/revisions\/1282"}],"wp:attachment":[{"href":"https:\/\/www.mediatech21.fr\/index.php?rest_route=%2Fwp%2Fv2%2Fmedia&parent=766"}],"curies":[{"name":"wp","href":"https:\/\/api.w.org\/{rel}","templated":true}]}}