{"id":710,"date":"2016-09-30T16:42:42","date_gmt":"2016-09-30T14:42:42","guid":{"rendered":"http:\/\/www.mediadoc21.fr\/?page_id=710"},"modified":"2022-09-22T15:55:37","modified_gmt":"2022-09-22T13:55:37","slug":"laudato-si-et-catechese","status":"publish","type":"page","link":"https:\/\/www.mediatech21.fr\/?page_id=710","title":{"rendered":"La Cr\u00e9ation"},"content":{"rendered":"<h3><span style=\"color: #5394f5;\">Voici des id\u00e9es pour aborder l&rsquo;encyclique du Pape Fran\u00e7ois ou du moins, sa th\u00e9matique, avec les enfants et les jeunes :<\/span><\/h3>\n<ul>\n<li>\n<h2><span style=\"color: #008000;\"><a style=\"color: #008000;\" href=\"https:\/\/www.nourrirlechangement-lefilm.fr\/\" target=\"_blank\" rel=\"noopener\">Documentaire \u00ab\u00a0Nourrir le changement\u00a0\u00bb<\/a> r\u00e9alis\u00e9 par des \u00e9tudiants de l&rsquo;Agro de Montpellier. A regarder avec des grands jeunes ou des adultes pour r\u00e9fl\u00e9chir \u00e0 notre mani\u00e8re de produire et de consommer.<\/span><\/h2>\n<\/li>\n<\/ul>\n<ul>\n<li>\n<h2><a href=\"https:\/\/drive.google.com\/file\/d\/0BwNgGlkIBuuzbGMwdlh1UDZmM0k\/view?usp=sharing&amp;resourcekey=0-NMX-BxLEIajNM6E-xqXuUQ\" target=\"_blank\" rel=\"noopener\">2007-2008, une plan\u00e8te pour tous ! (Kilom\u00e8tres de soleil &#8211; CCFD). Cliquez ici pour avoir acc\u00e8s au dossier p\u00e9dagogique.<\/a><\/h2>\n<\/li>\n<\/ul>\n<ul>\n<li>\n<h2><a href=\"https:\/\/www.youtube.com\/watch?v=6yil-37AZws\">Laudato Si pour les jeunes : cliquez ici pour voir la vid\u00e9o.<\/a><\/h2>\n<\/li>\n<li>\n<h2><span style=\"color: #008000;\">Id\u00e9e Points de Rep\u00e8re \u00ab\u00a0Gardiens du jardin de Dieu\u00a0\u00bb :<\/span><\/h2>\n<ul>\n<li>\n<h3><span style=\"color: #008000;\"><a style=\"color: #008000;\" href=\"https:\/\/drive.google.com\/open?id=0BwNgGlkIBuuzemlPbjBzZkJHZFU\">D\u00e9roulement de l&rsquo;itin\u00e9raire<\/a><\/span><\/h3>\n<\/li>\n<li>\n<h3><span style=\"color: #008000;\"><a style=\"color: #008000;\" href=\"https:\/\/drive.google.com\/open?id=0BwNgGlkIBuuzcUdxNDFPQW5GU3M\">Liste du mat\u00e9riel pour le bon d\u00e9roulement de l&rsquo;itin\u00e9raire<\/a><\/span><\/h3>\n<\/li>\n<li>\n<h3><span style=\"color: #008000;\"><a style=\"color: #008000;\" href=\"https:\/\/drive.google.com\/open?id=0BwNgGlkIBuuzc1kzMnE4ZFdlRlE\">Dessins \u00e0 t\u00e9l\u00e9charger pour la r\u00e9alisation des magnets<\/a><\/span><\/h3>\n<\/li>\n<\/ul>\n<\/li>\n<\/ul>\n","protected":false},"excerpt":{"rendered":"<p>Voici des id\u00e9es pour aborder l&rsquo;encyclique du Pape Fran\u00e7ois ou du moins, sa th\u00e9matique, avec les enfants et les jeunes : Documentaire \u00ab\u00a0Nourrir le changement\u00a0\u00bb r\u00e9alis\u00e9 par des \u00e9tudiants de l&rsquo;Agro de Montpellier. A regarder avec des grands jeunes ou des adultes pour r\u00e9fl\u00e9chir \u00e0 notre mani\u00e8re de produire et de consommer. 2007-2008, une plan\u00e8te &hellip; <\/p>\n<p><a class=\"more-link btn\" href=\"https:\/\/www.mediatech21.fr\/?page_id=710\">Lire la suite<\/a><\/p>\n","protected":false},"author":1,"featured_media":0,"parent":0,"menu_order":0,"comment_status":"closed","ping_status":"closed","template":"","meta":{"footnotes":""},"_links":{"self":[{"href":"https:\/\/www.mediatech21.fr\/index.php?rest_route=\/wp\/v2\/pages\/710"}],"collection":[{"href":"https:\/\/www.mediatech21.fr\/index.php?rest_route=\/wp\/v2\/pages"}],"about":[{"href":"https:\/\/www.mediatech21.fr\/index.php?rest_route=\/wp\/v2\/types\/page"}],"author":[{"embeddable":true,"href":"https:\/\/www.mediatech21.fr\/index.php?rest_route=\/wp\/v2\/users\/1"}],"replies":[{"embeddable":true,"href":"https:\/\/www.mediatech21.fr\/index.php?rest_route=%2Fwp%2Fv2%2Fcomments&post=710"}],"version-history":[{"count":28,"href":"https:\/\/www.mediatech21.fr\/index.php?rest_route=\/wp\/v2\/pages\/710\/revisions"}],"predecessor-version":[{"id":1683,"href":"https:\/\/www.mediatech21.fr\/index.php?rest_route=\/wp\/v2\/pages\/710\/revisions\/1683"}],"wp:attachment":[{"href":"https:\/\/www.mediatech21.fr\/index.php?rest_route=%2Fwp%2Fv2%2Fmedia&parent=710"}],"curies":[{"name":"wp","href":"https:\/\/api.w.org\/{rel}","templated":true}]}}