{"id":669,"date":"2016-04-25T17:16:41","date_gmt":"2016-04-25T15:16:41","guid":{"rendered":"http:\/\/www.mediadoc21.fr\/?page_id=669"},"modified":"2017-01-06T16:36:18","modified_gmt":"2017-01-06T14:36:18","slug":"annee-de-la-misericorde","status":"publish","type":"page","link":"https:\/\/www.mediatech21.fr\/?page_id=669","title":{"rendered":"Ann\u00e9e de la Mis\u00e9ricorde"},"content":{"rendered":"<ul>\n<li>\n<h2>[important]<a href=\"https:\/\/drive.google.com\/open?id=0BwNgGlkIBuuzT1ppbS0wRGFaSjQ\" target=\"_blank\"><span style=\"color: #ff6600;\">L&rsquo;<strong>OASIS<\/strong><\/span> : la nouvelle revue num\u00e9rique du SNCC destin\u00e9e aux cat\u00e9chistes et accompagnateurs du cat\u00e9chum\u00e9nat.<\/a>[\/important]<\/h2>\n<\/li>\n<\/ul>\n<h2>S\u2019inscrivant dans la dynamique du Jubil\u00e9 de la Mis\u00e9ricorde, son titre fait r\u00e9f\u00e9rence \u00e0 une citation de l\u2019exhortation du pape Fran\u00e7ois sur la Mis\u00e9ricorde\u00a0:<\/h2>\n<h2><strong><em>\u00ab\u00a0L\u00e0 o\u00f9 il y a des chr\u00e9tiens, quiconque doit pouvoir trouver une oasis de mis\u00e9ricorde.\u00a0\u00bb<\/em><\/strong> (MV n\u00b012)<\/h2>\n<h2>Cette revue vise \u00e0 soutenir, encourager, accompagner, rappeler les fondamentaux de la cat\u00e9ch\u00e8se, nourrir la foi des cat\u00e9chistes et des accompagnateurs du cat\u00e9chum\u00e9nat.<\/h2>\n<h2>Elle voudrait participer \u00e0 leur formation \u00e0 l\u2019acte cat\u00e9ch\u00e9tique et les aider \u00e0 discerner les signes des temps \u00e0 la lumi\u00e8re de la foi de l\u2019Eglise.<\/h2>\n<h2>Elle ne se substitue ni aux orientations des \u00e9v\u00eaques ni aux documents cat\u00e9ch\u00e9tiques et a pour ambition de relayer les textes du Magist\u00e8re et les paroles des \u00e9v\u00eaques dans un monde num\u00e9rique qui offre des propositions infinies dont l\u2019origine et la pertinence peuvent \u00eatre difficiles \u00e0 cerner.<\/h2>\n<h2><span style=\"color: #ff6600;\">L\u2019<strong>Oas<\/strong><strong>i<\/strong><strong>s<\/strong><\/span> est un trimestriel num\u00e9rique sous la forme d\u2019un <strong>fichier pdf de 12 pages qui peut \u00eatre lu en ligne,\u00a0projet\u00e9 ou imprim\u00e9 en format A4<\/strong>.<\/h2>\n<h2>Il est articul\u00e9 autour de deux rubriques de fond, biblique et th\u00e9ologique. Elles sont compl\u00e9t\u00e9es par la pri\u00e8re, l\u2019art, des pages personnelles et pratiques. C\u2019est aussi un <strong>bim\u00e9dia<\/strong> : il est possible <strong>d\u2019acc\u00e9der par les liens figurant dans ses pages \u00e0 des articles compl\u00e9mentaires sur le site du SNCC<\/strong>.<\/h2>\n<h2>J\u2019attire votre attention particuli\u00e8rement sur la proposition compl\u00e9mentaire de relecture en \u00e9quipe avec les accompagnateurs et cat\u00e9chistes, \u00e0 t\u00e9l\u00e9charger, le lien figurant page 11 de <em>L\u2019Oasis<\/em> .<\/h2>\n<h2><span style=\"color: #ff6600;\">L\u2019<strong>Oas<\/strong><strong>i<\/strong><strong>s<\/strong><\/span> a \u00e9t\u00e9 pr\u00e9sent\u00e9 aux \u00e9v\u00eaques de France lors de leur Assembl\u00e9e pl\u00e9ni\u00e8re qui vient de se tenir \u00e0 Lourdes.<\/h2>\n<p>D&rsquo;apr\u00e8s le SNCC<\/p>\n<p>&nbsp;<\/p>\n<ul>\n<li>\n<h3><span style=\"color: #000000;\">Autre proposition : visualiser avec des jeunes (ou des moins jeunes) les \u0153uvres de mis\u00e9ricorde, \u00e0 travers un <a href=\"http:\/\/www.narthex.fr\/oeuvres-et-lieux\/peinture-sculpture-vitrail\/a-loccasion-du-jubile-les-7-oeuvres-de-misericorde-par-brueghel-le-jeune\" target=\"_blank\">tableau de Brueghel le Jeune<\/a><\/span><\/h3>\n<\/li>\n<\/ul>\n","protected":false},"excerpt":{"rendered":"<p>[important]L&rsquo;OASIS : la nouvelle revue num\u00e9rique du SNCC destin\u00e9e aux cat\u00e9chistes et accompagnateurs du cat\u00e9chum\u00e9nat.[\/important] S\u2019inscrivant dans la dynamique du Jubil\u00e9 de la Mis\u00e9ricorde, son titre fait r\u00e9f\u00e9rence \u00e0 une citation de l\u2019exhortation du pape Fran\u00e7ois sur la Mis\u00e9ricorde\u00a0: \u00ab\u00a0L\u00e0 o\u00f9 il y a des chr\u00e9tiens, quiconque doit pouvoir trouver une oasis de mis\u00e9ricorde.\u00a0\u00bb (MV &hellip; <\/p>\n<p><a class=\"more-link btn\" href=\"https:\/\/www.mediatech21.fr\/?page_id=669\">Lire la suite<\/a><\/p>\n","protected":false},"author":1,"featured_media":0,"parent":0,"menu_order":0,"comment_status":"open","ping_status":"open","template":"","meta":{"footnotes":""},"_links":{"self":[{"href":"https:\/\/www.mediatech21.fr\/index.php?rest_route=\/wp\/v2\/pages\/669"}],"collection":[{"href":"https:\/\/www.mediatech21.fr\/index.php?rest_route=\/wp\/v2\/pages"}],"about":[{"href":"https:\/\/www.mediatech21.fr\/index.php?rest_route=\/wp\/v2\/types\/page"}],"author":[{"embeddable":true,"href":"https:\/\/www.mediatech21.fr\/index.php?rest_route=\/wp\/v2\/users\/1"}],"replies":[{"embeddable":true,"href":"https:\/\/www.mediatech21.fr\/index.php?rest_route=%2Fwp%2Fv2%2Fcomments&post=669"}],"version-history":[{"count":8,"href":"https:\/\/www.mediatech21.fr\/index.php?rest_route=\/wp\/v2\/pages\/669\/revisions"}],"predecessor-version":[{"id":778,"href":"https:\/\/www.mediatech21.fr\/index.php?rest_route=\/wp\/v2\/pages\/669\/revisions\/778"}],"wp:attachment":[{"href":"https:\/\/www.mediatech21.fr\/index.php?rest_route=%2Fwp%2Fv2%2Fmedia&parent=669"}],"curies":[{"name":"wp","href":"https:\/\/api.w.org\/{rel}","templated":true}]}}