{"id":602,"date":"2015-12-14T17:04:11","date_gmt":"2015-12-14T15:04:11","guid":{"rendered":"http:\/\/www.mediadoc21.fr\/?page_id=602"},"modified":"2021-09-24T15:48:31","modified_gmt":"2021-09-24T13:48:31","slug":"catechese-cm2-documents-pedagogiques","status":"publish","type":"page","link":"https:\/\/www.mediatech21.fr\/?page_id=602","title":{"rendered":"CONFIANCE, IL T&rsquo;APPELLE (CM2) &#8211; Documents p\u00e9dagogiques"},"content":{"rendered":"<h2><span style=\"color: #800000;\">Vous trouvez ici des documents p\u00e9dagogiques en lien avec les fiches animateurs du cahier \u00ab <a href=\"http:\/\/fr.calameo.com\/read\/00004183395a157022270\" target=\"_blank\" rel=\"noopener\">Confiance, Il t&rsquo;appelle<\/a> \u00bb :<\/span><\/h2>\n<ul>\n<li>Ma route de baptis\u00e9 :\n<ul>\n<li><a href=\"https:\/\/drive.google.com\/file\/d\/0ByqAXIuipkt8OGZuNllrV0prcnc\/view?usp=sharing&amp;resourcekey=0-Olgds2kMTw5OY4Cj-3mR4A\" target=\"_blank\" rel=\"noopener\">Carte muette de Palestine<\/a><\/li>\n<li><a href=\"https:\/\/drive.google.com\/file\/d\/0ByqAXIuipkt8M2tEbU1Cd283eXc\/view?usp=sharing&amp;resourcekey=0-kaesJetDdD7IHfaO3Yj9IQ\" target=\"_blank\" rel=\"noopener\">Ann\u00e9e liturgique<\/a><\/li>\n<li><a href=\"https:\/\/drive.google.com\/file\/d\/0ByqAXIuipkt8OVdpNXJ5TXRaQWM\/view?usp=sharing&amp;resourcekey=0-Uzfe2AaOqIL_jKSNe5iN1Q\" target=\"_blank\" rel=\"noopener\">Jeu de carte \u00ab\u00a0qui est qui ?\u00a0\u00bb<\/a> (disponible au service M\u00e9diatech21)<\/li>\n<\/ul>\n<\/li>\n<li>Je prie avec la Bible :<a href=\"https:\/\/drive.google.com\/file\/d\/0ByqAXIuipkt8cldCclc0MHFzQXc\/view?usp=sharing&amp;resourcekey=0-2jtYA2pmbVimpZfj4Q4AjA\" target=\"_blank\" rel=\"noopener\"> Armoire de la Bible et quiz<\/a><\/li>\n<li>L&rsquo;\u00e9preuve de l&rsquo;exil : <a href=\"https:\/\/drive.google.com\/file\/d\/0ByqAXIuipkt8TG1FUE0yUFpYbDg\/view?usp=sharing&amp;resourcekey=0-8ajCtxhzYaBRgLD4Ap3Jtw\" target=\"_blank\" rel=\"noopener\">marque-pages<\/a><\/li>\n<li>Il vient le Messie : <a href=\"https:\/\/drive.google.com\/file\/d\/0ByqAXIuipkt8STU2MGo3UDhLZlk\/view?usp=sharing&amp;resourcekey=0-ZusN-UfuEqPbU338wXjeSg\" target=\"_blank\" rel=\"noopener\">personnages de la cr\u00e8che<\/a><\/li>\n<li>Dieu marche avec les hommes :\n<ul>\n<li><a href=\"https:\/\/drive.google.com\/file\/d\/0ByqAXIuipkt8LUtSbzMtb1g1d3c\/view?usp=sharing&amp;resourcekey=0-Yr7qfD4o7DNy3unGStg_iQ\" target=\"_blank\" rel=\"noopener\">jeu de cartes<\/a> (disponible au service M\u00e9diatech21)<\/li>\n<li><a href=\"https:\/\/drive.google.com\/file\/d\/0BwNgGlkIBuuzenlRaS1rb0FvTU0\/view?usp=sharing&amp;resourcekey=0-u_Nt3V1c8QZBNayCdFqQ4w\" target=\"_blank\" rel=\"noopener\">mode d&#8217;emploi du jeu de cartes<\/a> (attention, ancienne fiche faisant r\u00e9f\u00e9rence \u00e0 la premi\u00e8re \u00e9dition du cat\u00e9chisme pour tous les \u00e2ges)<\/li>\n<\/ul>\n<\/li>\n<li>Puis-je pardonner \u00e0 mon fr\u00e8re :\n<ul>\n<li><a href=\"https:\/\/drive.google.com\/file\/d\/0ByqAXIuipkt8Nk9QMkhtRkxVMlk\/view?usp=sharing&amp;resourcekey=0--eIxZilXN4NHG6mIRINSLw\" target=\"_blank\" rel=\"noopener\">t\u00e9moignages<\/a><\/li>\n<li><a href=\"https:\/\/drive.google.com\/file\/d\/0ByqAXIuipkt8WXhHVS1HaUo4OFk\/view?usp=sharing&amp;resourcekey=0-yo0zQNttGnb-DQvEqSpgIQ\" target=\"_blank\" rel=\"noopener\">jeu de cartes<\/a> (disponible au service M\u00e9diatech21)<\/li>\n<li><a href=\"https:\/\/www.mediatech21.fr\/wp-content\/uploads\/2021\/09\/Le-sacrement-du-pardon.-Idees-pour-une-celebration.pdf\" target=\"_blank\" rel=\"noopener\">Id\u00e9es pour une c\u00e9l\u00e9bration du pardon<\/a><\/li>\n<\/ul>\n<\/li>\n<li>Ma vie, je la donne : <a href=\"https:\/\/drive.google.com\/file\/d\/0ByqAXIuipkt8UDZjMzlIXzZ2NHM\/view?usp=sharing&amp;resourcekey=0-_gH_mGg13QRE2gil9ZZdHw\" target=\"_blank\" rel=\"noopener\">chemin de croix<\/a><\/li>\n<li>De J\u00e9rusalem \u00e0 Emma\u00fcs :\n<ul>\n<li><a href=\"https:\/\/drive.google.com\/file\/d\/0BwNgGlkIBuuzaF9JSktqUmZmQzA\/view?usp=sharing&amp;resourcekey=0-H-ykoD5ZH709eDgf5Z1CFw\" target=\"_blank\" rel=\"noopener\">Dessins tombeau ouvert &#8211; tombeau ferm\u00e9<\/a><\/li>\n<li><a href=\"https:\/\/www.mediatech21.fr\/wp-content\/uploads\/2021\/09\/p48-49-Annexe-coutume-des-oeufs-de-paques.pdf\" target=\"_blank\" rel=\"noopener\">Explication de la coutume des \u0153ufs des P\u00e2ques<\/a><\/li>\n<\/ul>\n<\/li>\n<\/ul>\n","protected":false},"excerpt":{"rendered":"<p>Vous trouvez ici des documents p\u00e9dagogiques en lien avec les fiches animateurs du cahier \u00ab Confiance, Il t&rsquo;appelle \u00bb : Ma route de baptis\u00e9 : Carte muette de Palestine Ann\u00e9e liturgique Jeu de carte \u00ab\u00a0qui est qui ?\u00a0\u00bb (disponible au service M\u00e9diatech21) Je prie avec la Bible : Armoire de la Bible et quiz L&rsquo;\u00e9preuve &hellip; <\/p>\n<p><a class=\"more-link btn\" href=\"https:\/\/www.mediatech21.fr\/?page_id=602\">Lire la suite<\/a><\/p>\n","protected":false},"author":1,"featured_media":0,"parent":0,"menu_order":0,"comment_status":"open","ping_status":"open","template":"","meta":{"footnotes":""},"_links":{"self":[{"href":"https:\/\/www.mediatech21.fr\/index.php?rest_route=\/wp\/v2\/pages\/602"}],"collection":[{"href":"https:\/\/www.mediatech21.fr\/index.php?rest_route=\/wp\/v2\/pages"}],"about":[{"href":"https:\/\/www.mediatech21.fr\/index.php?rest_route=\/wp\/v2\/types\/page"}],"author":[{"embeddable":true,"href":"https:\/\/www.mediatech21.fr\/index.php?rest_route=\/wp\/v2\/users\/1"}],"replies":[{"embeddable":true,"href":"https:\/\/www.mediatech21.fr\/index.php?rest_route=%2Fwp%2Fv2%2Fcomments&post=602"}],"version-history":[{"count":26,"href":"https:\/\/www.mediatech21.fr\/index.php?rest_route=\/wp\/v2\/pages\/602\/revisions"}],"predecessor-version":[{"id":1569,"href":"https:\/\/www.mediatech21.fr\/index.php?rest_route=\/wp\/v2\/pages\/602\/revisions\/1569"}],"wp:attachment":[{"href":"https:\/\/www.mediatech21.fr\/index.php?rest_route=%2Fwp%2Fv2%2Fmedia&parent=602"}],"curies":[{"name":"wp","href":"https:\/\/api.w.org\/{rel}","templated":true}]}}