{"id":600,"date":"2015-12-14T17:03:42","date_gmt":"2015-12-14T15:03:42","guid":{"rendered":"http:\/\/www.mediadoc21.fr\/?page_id=600"},"modified":"2021-09-24T16:23:34","modified_gmt":"2021-09-24T14:23:34","slug":"catechese-cm1-documents-pedagogiques","status":"publish","type":"page","link":"https:\/\/www.mediatech21.fr\/?page_id=600","title":{"rendered":"POUR TOI, QUI SUIS-JE ? (CM1) &#8211; Documents p\u00e9dagogiques"},"content":{"rendered":"<h2><span style=\"color: #800000;\">Vous trouvez ici des documents p\u00e9dagogiques en lien avec les fiches animateurs du cahier \u00ab <a href=\"http:\/\/fr.calameo.com\/read\/0000418335d2cb9a1ec9a\" target=\"_blank\" rel=\"noopener\">Pour toi, qui suis-je ?<\/a> \u00bb :<\/span><\/h2>\n<ul>\n<li>\n<h3><span style=\"color: #000000;\">Les proph\u00e8tes, des voix qui r\u00e9veillent :<\/span><\/h3>\n<p><a href=\"https:\/\/drive.google.com\/file\/d\/0ByqAXIuipkt8Tk1ieURiWnRpLUU\/view?usp=sharing\" target=\"_blank\" rel=\"noopener\">\u00a0<\/a><\/p>\n<ul>\n<li>\n<h4>\u00a0<a href=\"https:\/\/www.mediatech21.fr\/wp-content\/uploads\/2021\/09\/les-prophetes-des-voix-qui-reveillent-carte-1-scaled.jpg\" target=\"_blank\" rel=\"noopener\">carte de M\u00e9sopotamie<\/a><\/h4>\n<\/li>\n<li>\n<h4><a href=\"https:\/\/www.mediatech21.fr\/wp-content\/uploads\/2021\/09\/Les-prophetes-des-voix-qui-reveillent.pdf\" target=\"_blank\" rel=\"noopener\">dessins pour raconter l&rsquo;histoire<\/a><\/h4>\n<\/li>\n<li>\n<h4>\u00a0<a href=\"https:\/\/www.mediatech21.fr\/wp-content\/uploads\/2021\/09\/Carre-des-prophetes.pdf\" target=\"_blank\" rel=\"noopener\">\u00e9nigme du proph\u00e8te J\u00e9r\u00e9mie<\/a><\/h4>\n<\/li>\n<\/ul>\n<\/li>\n<li>\n<h3><span style=\"color: #000000;\">Jean-Baptiste annonce un sauveur :<\/span><\/h3>\n<ul>\n<li>\n<h4><a href=\"https:\/\/www.mediatech21.fr\/wp-content\/uploads\/2021\/09\/Jean-Baptiste-tableau-de-Champaigne.pdf\" target=\"_blank\" rel=\"noopener\">lecture d&rsquo;image : saint Jean-Baptiste de Ph. de Champaigne (toutes \u00e9ditions CAPTA)<\/a><\/h4>\n<\/li>\n<li>\n<h4><a href=\"https:\/\/www.mediatech21.fr\/wp-content\/uploads\/2021\/09\/autres-baptemes-du-Christ-capta-2012-2014.pdf\" target=\"_blank\" rel=\"noopener\">lectures d&rsquo;images : autres tableaux de saint Jean-Baptiste (CAPTA \u00e9ditions 2012 et 2014)<\/a><\/h4>\n<\/li>\n<li>\n<h4><a href=\"https:\/\/www.mediatech21.fr\/wp-content\/uploads\/2021\/09\/TOROS-Lecture-dim.-complet.pdf\" target=\"_blank\" rel=\"noopener\">lecture d&rsquo;image : saint Jean-Baptiste de Toro Ros&rsquo;line &#8211; Arm\u00e9nie (CAPTA \u00e9ditions 2012 et 2014)<\/a><\/h4>\n<\/li>\n<\/ul>\n<\/li>\n<li>\n<h3><span style=\"color: #000000;\">No\u00ebl :<\/span><\/h3>\n<ul>\n<li>\n<h4><a href=\"https:\/\/www.mediatech21.fr\/wp-content\/uploads\/2021\/09\/Noel-Jesus-prince-de-la-Paix-Isaie-11-1-9.pdf\" target=\"_blank\" rel=\"noopener\">personnages de la cr\u00e8che selon Isa\u00efe<\/a><\/h4>\n<\/li>\n<li>\n<h4><a href=\"https:\/\/www.mediatech21.fr\/wp-content\/uploads\/2021\/09\/Noel-prince-de-la-paix-CM1.pdf\" target=\"_blank\" rel=\"noopener\">Les noms donn\u00e9s \u00e0 J\u00e9sus par Isa\u00efe<\/a><\/h4>\n<\/li>\n<\/ul>\n<\/li>\n<\/ul>\n<ul>\n<li>\n<h3><span style=\"color: #000000;\">Pr\u00e9sentation de J\u00e9sus au Temple : <\/span><a href=\"https:\/\/www.mediatech21.fr\/wp-content\/uploads\/2021\/09\/presentation-de-Jesus-au-temple.pdf\" target=\"_blank\" rel=\"noopener\">vitrail \u00e0 imprimer et \u00e0 colorier pour le bougeoir<\/a><\/h3>\n<\/li>\n<li>\n<h3>Avec J\u00e9sus, tout devient possible : <a href=\"https:\/\/drive.google.com\/open?id=16NZRrsrXEU2Il94lmdBOtSNtPQr4KWXK\" target=\"_blank\" rel=\"noopener\">liste des \u00ab\u00a0r\u00e8gles de vie\u00a0\u00bb pour la discussion sur le discernement<\/a><\/h3>\n<\/li>\n<li>\n<h3><span style=\"color: #000000;\">Ecoute et parle avec Dieu : <\/span><a href=\"https:\/\/www.mediatech21.fr\/wp-content\/uploads\/2021\/09\/Ecoute-et-parle-avec-Dieu-saliere.pdf\" target=\"_blank\" rel=\"noopener\">sali\u00e8re \u00e0 pri\u00e8res<\/a><\/h3>\n<\/li>\n<li>\n<h3>Le sacrement du pardon : <a href=\"https:\/\/www.mediatech21.fr\/wp-content\/uploads\/2021\/09\/p42-43-Le-sacrement-du-pardon-.pdf\" target=\"_blank\" rel=\"noopener\">Id\u00e9es pour une c\u00e9l\u00e9bration du pardon<\/a><\/h3>\n<\/li>\n<li>\n<h3><span style=\"color: #000000;\">Le chemin de foi de Pierre : <\/span><a href=\"https:\/\/www.mediatech21.fr\/wp-content\/uploads\/2021\/09\/Le-chemin-de-foi-de-Pierre.pdf\" target=\"_blank\" rel=\"noopener\">jeu de l&rsquo;oie<\/a> (le plateau de jeu est empruntable au service M\u00e9diatech21)<\/h3>\n<\/li>\n<li>\n<h3>La communaut\u00e9 des disciples : <a href=\"https:\/\/drive.google.com\/open?id=1SG5bdbBHebADqXkujMlY5_K4_CH0TD93\" target=\"_blank\" rel=\"noopener\">t\u00e9moignages<\/a><\/h3>\n<\/li>\n<li>\n<h3>J\u00e9sus, pain vivant : <a href=\"http:\/\/www.idees-cate.com\/le_cate\/messe.html\" target=\"_blank\" rel=\"noopener\">sch\u00e9ma de la messe<\/a> (idees-cate.com)<\/h3>\n<\/li>\n<\/ul>\n","protected":false},"excerpt":{"rendered":"<p>Vous trouvez ici des documents p\u00e9dagogiques en lien avec les fiches animateurs du cahier \u00ab Pour toi, qui suis-je ? \u00bb : Les proph\u00e8tes, des voix qui r\u00e9veillent : \u00a0 \u00a0carte de M\u00e9sopotamie dessins pour raconter l&rsquo;histoire \u00a0\u00e9nigme du proph\u00e8te J\u00e9r\u00e9mie Jean-Baptiste annonce un sauveur : lecture d&rsquo;image : saint Jean-Baptiste de Ph. de Champaigne &hellip; <\/p>\n<p><a class=\"more-link btn\" href=\"https:\/\/www.mediatech21.fr\/?page_id=600\">Lire la suite<\/a><\/p>\n","protected":false},"author":1,"featured_media":0,"parent":0,"menu_order":0,"comment_status":"open","ping_status":"open","template":"","meta":{"footnotes":""},"_links":{"self":[{"href":"https:\/\/www.mediatech21.fr\/index.php?rest_route=\/wp\/v2\/pages\/600"}],"collection":[{"href":"https:\/\/www.mediatech21.fr\/index.php?rest_route=\/wp\/v2\/pages"}],"about":[{"href":"https:\/\/www.mediatech21.fr\/index.php?rest_route=\/wp\/v2\/types\/page"}],"author":[{"embeddable":true,"href":"https:\/\/www.mediatech21.fr\/index.php?rest_route=\/wp\/v2\/users\/1"}],"replies":[{"embeddable":true,"href":"https:\/\/www.mediatech21.fr\/index.php?rest_route=%2Fwp%2Fv2%2Fcomments&post=600"}],"version-history":[{"count":23,"href":"https:\/\/www.mediatech21.fr\/index.php?rest_route=\/wp\/v2\/pages\/600\/revisions"}],"predecessor-version":[{"id":1581,"href":"https:\/\/www.mediatech21.fr\/index.php?rest_route=\/wp\/v2\/pages\/600\/revisions\/1581"}],"wp:attachment":[{"href":"https:\/\/www.mediatech21.fr\/index.php?rest_route=%2Fwp%2Fv2%2Fmedia&parent=600"}],"curies":[{"name":"wp","href":"https:\/\/api.w.org\/{rel}","templated":true}]}}