{"id":580,"date":"2015-11-10T12:22:50","date_gmt":"2015-11-10T10:22:50","guid":{"rendered":"http:\/\/www.mediadoc21.fr\/?page_id=580"},"modified":"2015-11-10T12:32:31","modified_gmt":"2015-11-10T10:32:31","slug":"idees-dactions-de-solidarite-ou-autres","status":"publish","type":"page","link":"https:\/\/www.mediatech21.fr\/?page_id=580","title":{"rendered":"Id\u00e9es d&rsquo;actions de solidarit\u00e9 ou autres"},"content":{"rendered":"<ul>\n<li>\n<h1><span style=\"color: #339966;\">Pour redonner le sourire \u00e0 des personnes dans le besoin pour No\u00ebl, participez avec vos \u00e9quipes d&rsquo;aum\u00f4nerie ou de cat\u00e9 \u00e0<a style=\"color: #339966;\" href=\"https:\/\/drive.google.com\/file\/d\/0ByqAXIuipkt8RTFVeEkzNUFUVVk\/view?usp=sharing\" target=\"_blank\"> l&rsquo;op\u00e9ration SAKADOS en cliquant\u00a0ici<\/a>. Pour en savoir plus, rendez-vous sur le site\u00a0<a href=\"http:\/\/sakado.org\/\" target=\"_blank\">http:\/\/sakado.org\/<\/a>.<\/span><\/h1>\n<\/li>\n<li>\n<h1><span style=\"color: #339966;\">En lien avec l&rsquo;actualit\u00e9, les \u00e9ditions Parole et Sagesse vous proposent un kit pour aider les jeunes \u00e0 agir concr\u00e8tement pour la paix et la fraternit\u00e9, dans le respect des croyances religieuses de chacun. Pour plus d&rsquo;informations, cliquez sur l&rsquo;image !<\/span> <a href=\"http:\/\/www.jeunes-vocations.catholique.fr\/ressources\/ressources-d-animation\/kit-d-animation-ensemble-pour-la-paix.html\" target=\"_blank\"><img decoding=\"async\" class=\" alignleft\" title=\"Ensemble pour la paix - et toi (3)\" src=\"http:\/\/www.jeunes-vocations.catholique.fr\/img\/1-21754-246x168-0\/ensemble-pour-la-paix-et-toi-3.jpg\" alt=\"Ensemble pour la paix - et toi (3)\" \/><\/a><\/h1>\n<\/li>\n<\/ul>\n","protected":false},"excerpt":{"rendered":"<p>Pour redonner le sourire \u00e0 des personnes dans le besoin pour No\u00ebl, participez avec vos \u00e9quipes d&rsquo;aum\u00f4nerie ou de cat\u00e9 \u00e0 l&rsquo;op\u00e9ration SAKADOS en cliquant\u00a0ici. Pour en savoir plus, rendez-vous sur le site\u00a0http:\/\/sakado.org\/. En lien avec l&rsquo;actualit\u00e9, les \u00e9ditions Parole et Sagesse vous proposent un kit pour aider les jeunes \u00e0 agir concr\u00e8tement pour la &hellip; <\/p>\n<p><a class=\"more-link btn\" href=\"https:\/\/www.mediatech21.fr\/?page_id=580\">Lire la suite<\/a><\/p>\n","protected":false},"author":1,"featured_media":0,"parent":105,"menu_order":0,"comment_status":"open","ping_status":"open","template":"","meta":{"footnotes":""},"_links":{"self":[{"href":"https:\/\/www.mediatech21.fr\/index.php?rest_route=\/wp\/v2\/pages\/580"}],"collection":[{"href":"https:\/\/www.mediatech21.fr\/index.php?rest_route=\/wp\/v2\/pages"}],"about":[{"href":"https:\/\/www.mediatech21.fr\/index.php?rest_route=\/wp\/v2\/types\/page"}],"author":[{"embeddable":true,"href":"https:\/\/www.mediatech21.fr\/index.php?rest_route=\/wp\/v2\/users\/1"}],"replies":[{"embeddable":true,"href":"https:\/\/www.mediatech21.fr\/index.php?rest_route=%2Fwp%2Fv2%2Fcomments&post=580"}],"version-history":[{"count":3,"href":"https:\/\/www.mediatech21.fr\/index.php?rest_route=\/wp\/v2\/pages\/580\/revisions"}],"predecessor-version":[{"id":583,"href":"https:\/\/www.mediatech21.fr\/index.php?rest_route=\/wp\/v2\/pages\/580\/revisions\/583"}],"up":[{"embeddable":true,"href":"https:\/\/www.mediatech21.fr\/index.php?rest_route=\/wp\/v2\/pages\/105"}],"wp:attachment":[{"href":"https:\/\/www.mediatech21.fr\/index.php?rest_route=%2Fwp%2Fv2%2Fmedia&parent=580"}],"curies":[{"name":"wp","href":"https:\/\/api.w.org\/{rel}","templated":true}]}}