{"id":421,"date":"2014-06-06T16:42:02","date_gmt":"2014-06-06T14:42:02","guid":{"rendered":"http:\/\/www.mediadoc21.fr\/?page_id=421"},"modified":"2020-10-07T09:50:01","modified_gmt":"2020-10-07T07:50:01","slug":"catechese-6eme-5eme","status":"publish","type":"page","link":"https:\/\/www.mediatech21.fr\/?page_id=421","title":{"rendered":"Cat\u00e9ch\u00e8se 6\u00e8me &#8211; 5\u00e8me"},"content":{"rendered":"<p>Les fiches que vous trouviez jusqu\u2019\u00e0 pr\u00e9sent dans cet onglet ne sont plus disponibles.<\/p>\n<p>Avec les cahiers 6\u00e8me-5\u00e8me, elles font d\u00e9sormais l\u2019objet d\u2019une \u00e9dition par <a href=\"https:\/\/www.editionsleseneve.fr\/livres\/240-il-est-le-chemin-la-verite-la-vie-dijon\/1\/all\" target=\"_blank\" rel=\"noopener noreferrer\">Le S\u00e9nev\u00e9<\/a>. Vous les trouverez en librairie <strong>\u00e0 partir de No\u00ebl 2015<\/strong><strong>. <\/strong>En attendant, si vous avez besoin d&rsquo;avoir acc\u00e8s \u00e0 ces fiches, n&rsquo;h\u00e9sitez pas \u00e0 nous <a href=\"http:\/\/www.mediadoc21.fr\/?page_id=85\" target=\"_blank\" rel=\"noopener noreferrer\">contacter<\/a>.<\/p>\n","protected":false},"excerpt":{"rendered":"<p>Les fiches que vous trouviez jusqu\u2019\u00e0 pr\u00e9sent dans cet onglet ne sont plus disponibles. Avec les cahiers 6\u00e8me-5\u00e8me, elles font d\u00e9sormais l\u2019objet d\u2019une \u00e9dition par Le S\u00e9nev\u00e9. Vous les trouverez en librairie \u00e0 partir de No\u00ebl 2015. En attendant, si vous avez besoin d&rsquo;avoir acc\u00e8s \u00e0 ces fiches, n&rsquo;h\u00e9sitez pas \u00e0 nous contacter.<\/p>\n","protected":false},"author":1,"featured_media":0,"parent":0,"menu_order":0,"comment_status":"open","ping_status":"open","template":"","meta":{"footnotes":""},"_links":{"self":[{"href":"https:\/\/www.mediatech21.fr\/index.php?rest_route=\/wp\/v2\/pages\/421"}],"collection":[{"href":"https:\/\/www.mediatech21.fr\/index.php?rest_route=\/wp\/v2\/pages"}],"about":[{"href":"https:\/\/www.mediatech21.fr\/index.php?rest_route=\/wp\/v2\/types\/page"}],"author":[{"embeddable":true,"href":"https:\/\/www.mediatech21.fr\/index.php?rest_route=\/wp\/v2\/users\/1"}],"replies":[{"embeddable":true,"href":"https:\/\/www.mediatech21.fr\/index.php?rest_route=%2Fwp%2Fv2%2Fcomments&post=421"}],"version-history":[{"count":8,"href":"https:\/\/www.mediatech21.fr\/index.php?rest_route=\/wp\/v2\/pages\/421\/revisions"}],"predecessor-version":[{"id":1285,"href":"https:\/\/www.mediatech21.fr\/index.php?rest_route=\/wp\/v2\/pages\/421\/revisions\/1285"}],"wp:attachment":[{"href":"https:\/\/www.mediatech21.fr\/index.php?rest_route=%2Fwp%2Fv2%2Fmedia&parent=421"}],"curies":[{"name":"wp","href":"https:\/\/api.w.org\/{rel}","templated":true}]}}