{"id":370,"date":"2013-10-24T15:25:05","date_gmt":"2013-10-24T13:25:05","guid":{"rendered":"http:\/\/www.mediadoc21.fr\/?page_id=370"},"modified":"2021-09-24T16:28:17","modified_gmt":"2021-09-24T14:28:17","slug":"catechese-primaire","status":"publish","type":"page","link":"https:\/\/www.mediatech21.fr\/?page_id=370","title":{"rendered":"VIENS ET TU VERRAS (CE2) &#8211; Documents p\u00e9dagogiques"},"content":{"rendered":"<h2><span style=\"color: #800000;\">Vous trouvez ici des documents p\u00e9dagogiques en lien avec les fiches animateurs du cahier \u00ab\u00a0Viens et tu verras\u00a0\u00bb :<\/span><\/h2>\n<ul>\n<li><span style=\"color: #000000;\">Qui suis-je ? :<\/span> <a href=\"https:\/\/www.mediatech21.fr\/wp-content\/uploads\/2021\/09\/arbre-de-vie-enfant.pdf\" target=\"_blank\" rel=\"noopener\">Arbre de vie de l&rsquo;enfant<\/a><\/li>\n<li><span style=\"color: #000000;\">Qui est J\u00e9sus ? :<\/span> <a href=\"https:\/\/www.mediatech21.fr\/wp-content\/uploads\/2021\/09\/lecture-dimage-Christ-en-majeste.pdf\" target=\"_blank\" rel=\"noopener\">Lecture d&rsquo;image<\/a><\/li>\n<li><span style=\"color: #000000;\">L&rsquo;arbre g\u00e9n\u00e9alogique de J\u00e9sus :<\/span>\n<ul>\n<li><a href=\"https:\/\/www.mediatech21.fr\/wp-content\/uploads\/2021\/09\/arbre-genealogique-de-Jesus-1.pdf\" target=\"_blank\" rel=\"noopener\">Arbre<\/a><\/li>\n<li><a href=\"https:\/\/www.lejourduseigneur.com\/jds_referent_videos\/vitrail-de-cathedrale-de-chartres-larbre-de-jesse\/\" target=\"_blank\" rel=\"noopener\">Vitraux de Chartres<\/a>\u00a0 <span style=\"color: #000000;\">(nouveau lien sur le Jour du Seigneur, le lien pr\u00e9c\u00e9dent ayant disparu)<\/span><\/li>\n<\/ul>\n<\/li>\n<li><span style=\"color: #000000;\">Avent :<\/span> <a href=\"https:\/\/www.mediatech21.fr\/wp-content\/uploads\/2021\/09\/couronne-de-lAvent.pdf\" target=\"_blank\" rel=\"noopener\">Couronne de l&rsquo;Avent<\/a><\/li>\n<li><span style=\"color: #000000;\">La cr\u00e8che :<\/span> <a href=\"https:\/\/www.mediatech21.fr\/wp-content\/uploads\/2021\/09\/lacreche.pdf\" target=\"_blank\" rel=\"noopener\">personnages de la cr\u00e8che<\/a><\/li>\n<li>La pri\u00e8re des enfants de Dieu : <a href=\"https:\/\/www.mediatech21.fr\/wp-content\/uploads\/2021\/09\/Notre-Pere-quiz.pdf\" target=\"_blank\" rel=\"noopener\">quiz du Notre-P\u00e8re (Cat\u00e9 Ouest)<\/a><\/li>\n<li><span style=\"color: #000000;\">Les psaumes : <\/span><a href=\"https:\/\/www.mediatech21.fr\/wp-content\/uploads\/2021\/09\/realiser-un-rouleau-de-psaume.pdf\" target=\"_blank\" rel=\"noopener\">r\u00e9aliser un rouleau de psaume<\/a><\/li>\n<li><span style=\"color: #000000;\">Je visite mon \u00e9glise :<\/span> <a href=\"https:\/\/www.mediatech21.fr\/wp-content\/uploads\/2021\/09\/maquette-dune-eglise.pdf\" target=\"_blank\" rel=\"noopener\">maquette d&rsquo;une \u00e9glise<\/a><\/li>\n<\/ul>\n","protected":false},"excerpt":{"rendered":"<p>Vous trouvez ici des documents p\u00e9dagogiques en lien avec les fiches animateurs du cahier \u00ab\u00a0Viens et tu verras\u00a0\u00bb : Qui suis-je ? : Arbre de vie de l&rsquo;enfant Qui est J\u00e9sus ? : Lecture d&rsquo;image L&rsquo;arbre g\u00e9n\u00e9alogique de J\u00e9sus : Arbre Vitraux de Chartres\u00a0 (nouveau lien sur le Jour du Seigneur, le lien pr\u00e9c\u00e9dent ayant &hellip; <\/p>\n<p><a class=\"more-link btn\" href=\"https:\/\/www.mediatech21.fr\/?page_id=370\">Lire la suite<\/a><\/p>\n","protected":false},"author":1,"featured_media":0,"parent":0,"menu_order":0,"comment_status":"open","ping_status":"open","template":"","meta":{"footnotes":""},"_links":{"self":[{"href":"https:\/\/www.mediatech21.fr\/index.php?rest_route=\/wp\/v2\/pages\/370"}],"collection":[{"href":"https:\/\/www.mediatech21.fr\/index.php?rest_route=\/wp\/v2\/pages"}],"about":[{"href":"https:\/\/www.mediatech21.fr\/index.php?rest_route=\/wp\/v2\/types\/page"}],"author":[{"embeddable":true,"href":"https:\/\/www.mediatech21.fr\/index.php?rest_route=\/wp\/v2\/users\/1"}],"replies":[{"embeddable":true,"href":"https:\/\/www.mediatech21.fr\/index.php?rest_route=%2Fwp%2Fv2%2Fcomments&post=370"}],"version-history":[{"count":27,"href":"https:\/\/www.mediatech21.fr\/index.php?rest_route=\/wp\/v2\/pages\/370\/revisions"}],"predecessor-version":[{"id":1582,"href":"https:\/\/www.mediatech21.fr\/index.php?rest_route=\/wp\/v2\/pages\/370\/revisions\/1582"}],"wp:attachment":[{"href":"https:\/\/www.mediatech21.fr\/index.php?rest_route=%2Fwp%2Fv2%2Fmedia&parent=370"}],"curies":[{"name":"wp","href":"https:\/\/api.w.org\/{rel}","templated":true}]}}