{"id":286,"date":"2013-06-27T10:24:36","date_gmt":"2013-06-27T08:24:36","guid":{"rendered":"http:\/\/www.mediadoc21.fr\/?page_id=286"},"modified":"2014-03-28T18:42:41","modified_gmt":"2014-03-28T16:42:41","slug":"fiches-complementaires","status":"publish","type":"page","link":"https:\/\/www.mediatech21.fr\/?page_id=286","title":{"rendered":"fiches compl\u00e9mentaires"},"content":{"rendered":"<p><a title=\"Cat\u00e9chum\u00e9nat\" href=\"https:\/\/docs.google.com\/file\/d\/0ByqAXIuipkt8OTJabEFDaTVtQUk\/edit?pli=1\" target=\"_blank\">Cat\u00e9chum\u00e9nat<\/a><\/p>\n<p><a title=\"origines\" href=\"https:\/\/docs.google.com\/file\/d\/0ByqAXIuipkt8cGRzVlA1WnlpY2c\/edit?pli=1\" target=\"_blank\">Nos origines<\/a><\/p>\n<p><a title=\"temoins\" href=\"https:\/\/docs.google.com\/file\/d\/0ByqAXIuipkt8YnlaT1dRRU9ZYW8\/edit?pli=1\" target=\"_blank\">Vous serez mes t\u00e9moins<\/a><\/p>\n<p><a title=\"Les temples\" href=\"http:\/\/www.mediadoc21.fr\/?page_id=91\" target=\"_blank\">Les temples<\/a><\/p>\n","protected":false},"excerpt":{"rendered":"<p>Cat\u00e9chum\u00e9nat Nos origines Vous serez mes t\u00e9moins Les temples<\/p>\n","protected":false},"author":1,"featured_media":0,"parent":0,"menu_order":0,"comment_status":"open","ping_status":"open","template":"","meta":{"footnotes":""},"_links":{"self":[{"href":"https:\/\/www.mediatech21.fr\/index.php?rest_route=\/wp\/v2\/pages\/286"}],"collection":[{"href":"https:\/\/www.mediatech21.fr\/index.php?rest_route=\/wp\/v2\/pages"}],"about":[{"href":"https:\/\/www.mediatech21.fr\/index.php?rest_route=\/wp\/v2\/types\/page"}],"author":[{"embeddable":true,"href":"https:\/\/www.mediatech21.fr\/index.php?rest_route=\/wp\/v2\/users\/1"}],"replies":[{"embeddable":true,"href":"https:\/\/www.mediatech21.fr\/index.php?rest_route=%2Fwp%2Fv2%2Fcomments&post=286"}],"version-history":[{"count":2,"href":"https:\/\/www.mediatech21.fr\/index.php?rest_route=\/wp\/v2\/pages\/286\/revisions"}],"predecessor-version":[{"id":405,"href":"https:\/\/www.mediatech21.fr\/index.php?rest_route=\/wp\/v2\/pages\/286\/revisions\/405"}],"wp:attachment":[{"href":"https:\/\/www.mediatech21.fr\/index.php?rest_route=%2Fwp%2Fv2%2Fmedia&parent=286"}],"curies":[{"name":"wp","href":"https:\/\/api.w.org\/{rel}","templated":true}]}}