{"id":1731,"date":"2023-03-29T10:07:38","date_gmt":"2023-03-29T08:07:38","guid":{"rendered":"https:\/\/www.mediatech21.fr\/?page_id=1731"},"modified":"2023-03-29T10:07:39","modified_gmt":"2023-03-29T08:07:39","slug":"videos-du-service-de-catechese","status":"publish","type":"page","link":"https:\/\/www.mediatech21.fr\/?page_id=1731","title":{"rendered":"Vid\u00e9os du service de cat\u00e9ch\u00e8se"},"content":{"rendered":"\n<p><strong><span class=\"has-inline-color has-vivid-cyan-blue-color\">Vid\u00e9os sur la vie \u00e9ternelle<\/span><\/strong><\/p>\n\n\n\n<p><strong><span class=\"has-inline-color has-vivid-cyan-blue-color\">Pourquoi parler aux enfants de la vie \u00e9ternelle <\/span><\/strong>par le P\u00e8re Antoine Amigo, responsable du service de cat\u00e9ch\u00e8se de Dijon<\/p>\n\n\n\n<figure class=\"wp-block-embed is-type-video is-provider-youtube wp-block-embed-youtube wp-embed-aspect-16-9 wp-has-aspect-ratio\"><div class=\"wp-block-embed__wrapper\">\n<iframe loading=\"lazy\" title=\"Pourquoi parler aux enfants de la vie \u00e9ternelle ?\" width=\"750\" height=\"422\" src=\"https:\/\/www.youtube.com\/embed\/ycsE9U5cyKQ?feature=oembed\" frameborder=\"0\" allow=\"accelerometer; autoplay; clipboard-write; encrypted-media; gyroscope; picture-in-picture; web-share\" allowfullscreen><\/iframe>\n<\/div><\/figure>\n\n\n\n<p><strong><span class=\"has-inline-color has-vivid-cyan-blue-color\">Bonne nouvelle, Dieu a un projet pour toi !<\/span><\/strong> par le p\u00e8re Axel de Toulmon, pr\u00eatre du dioc\u00e8se de Dijon<\/p>\n\n\n\n<figure class=\"wp-block-embed is-type-video is-provider-youtube wp-block-embed-youtube wp-embed-aspect-16-9 wp-has-aspect-ratio\"><div class=\"wp-block-embed__wrapper\">\n<iframe loading=\"lazy\" title=\"Bonne nouvelle : Dieu a un projet pour toi !\" width=\"750\" height=\"422\" src=\"https:\/\/www.youtube.com\/embed\/eQoOFY5mU08?feature=oembed\" frameborder=\"0\" allow=\"accelerometer; autoplay; clipboard-write; encrypted-media; gyroscope; picture-in-picture; web-share\" allowfullscreen><\/iframe>\n<\/div><\/figure>\n\n\n\n<p><strong><span class=\"has-inline-color has-vivid-cyan-blue-color\">Qu&rsquo;est-ce qu&rsquo;il y a apr\u00e8s notre vie sur terre ?<\/span><\/strong> par le p\u00e8re Patrick Pinard Legry du dioc\u00e8se de Dijon<\/p>\n\n\n\n<figure class=\"wp-block-embed is-type-video is-provider-youtube wp-block-embed-youtube wp-embed-aspect-16-9 wp-has-aspect-ratio\"><div class=\"wp-block-embed__wrapper\">\n<iframe loading=\"lazy\" title=\"Qu\u2019est-ce qu\u2019il y a apr\u00e8s notre vie sur terre ?\" width=\"750\" height=\"422\" src=\"https:\/\/www.youtube.com\/embed\/z1678LAfX0Q?feature=oembed\" frameborder=\"0\" allow=\"accelerometer; autoplay; clipboard-write; encrypted-media; gyroscope; picture-in-picture; web-share\" allowfullscreen><\/iframe>\n<\/div><figcaption><strong><span class=\"has-inline-color has-vivid-cyan-blue-color\">\u00ab\u00a0Celui qui croit en moi, m\u00eame s&rsquo;il meurt, vivra !\u00a0\u00bb<\/span><\/strong> par le p\u00e8re Guillaume Chevallier<\/figcaption><\/figure>\n\n\n\n<figure class=\"wp-block-embed is-type-video is-provider-youtube wp-block-embed-youtube wp-embed-aspect-16-9 wp-has-aspect-ratio\"><div class=\"wp-block-embed__wrapper\">\n<iframe loading=\"lazy\" title=\"\u00ab Celui qui croit en moi, m\u00eame s\u2019il meurt, vivra. \u00bb\" width=\"750\" height=\"422\" src=\"https:\/\/www.youtube.com\/embed\/UqTCbNyRCUY?feature=oembed\" frameborder=\"0\" allow=\"accelerometer; autoplay; clipboard-write; encrypted-media; gyroscope; picture-in-picture; web-share\" allowfullscreen><\/iframe>\n<\/div><\/figure>\n\n\n\n<p><strong><span class=\"has-inline-color has-vivid-cyan-blue-color\">Comment \u00e7a se passera au Ciel ?<\/span><\/strong> par le P\u00e8re Garreau de Labarre du dioc\u00e8se de Dijon<\/p>\n\n\n\n<figure class=\"wp-block-embed is-type-video is-provider-youtube wp-block-embed-youtube wp-embed-aspect-16-9 wp-has-aspect-ratio\"><div class=\"wp-block-embed__wrapper\">\n<iframe loading=\"lazy\" title=\"Comment \u00e7a se passera au Ciel ?\" width=\"750\" height=\"422\" src=\"https:\/\/www.youtube.com\/embed\/8UkmRVVBmPQ?feature=oembed\" frameborder=\"0\" allow=\"accelerometer; autoplay; clipboard-write; encrypted-media; gyroscope; picture-in-picture; web-share\" allowfullscreen><\/iframe>\n<\/div><\/figure>\n\n\n\n<p><strong><span class=\"has-inline-color has-vivid-cyan-blue-color\">Est-ce que tout le monde ira au Ciel ?<\/span><\/strong> par le p\u00e8re Etienne Cl\u00e9ment du dioc\u00e8se de Dijon<\/p>\n\n\n\n<figure class=\"wp-block-embed is-type-video is-provider-youtube wp-block-embed-youtube wp-embed-aspect-16-9 wp-has-aspect-ratio\"><div class=\"wp-block-embed__wrapper\">\n<iframe loading=\"lazy\" title=\"Est-ce que tout le monde ira au Ciel ?\" width=\"750\" height=\"422\" src=\"https:\/\/www.youtube.com\/embed\/L-AvodUk_C0?feature=oembed\" frameborder=\"0\" allow=\"accelerometer; autoplay; clipboard-write; encrypted-media; gyroscope; picture-in-picture; web-share\" allowfullscreen><\/iframe>\n<\/div><figcaption><strong><span class=\"has-inline-color has-vivid-cyan-blue-color\">Le Ciel commence sur la terre <\/span><\/strong>par le p\u00e8re Jean-Philippe Noll\u00e9 du dioc\u00e8se de Dijon<\/figcaption><\/figure>\n\n\n\n<figure class=\"wp-block-embed is-type-video is-provider-youtube wp-block-embed-youtube wp-embed-aspect-16-9 wp-has-aspect-ratio\"><div class=\"wp-block-embed__wrapper\">\n<iframe loading=\"lazy\" title=\"Le Ciel commence sur la terre !\" width=\"750\" height=\"422\" src=\"https:\/\/www.youtube.com\/embed\/ePBmc7Ucs6g?feature=oembed\" frameborder=\"0\" allow=\"accelerometer; autoplay; clipboard-write; encrypted-media; gyroscope; picture-in-picture; web-share\" allowfullscreen><\/iframe>\n<\/div><\/figure>\n","protected":false},"excerpt":{"rendered":"<p>Vid\u00e9os sur la vie \u00e9ternelle Pourquoi parler aux enfants de la vie \u00e9ternelle par le P\u00e8re Antoine Amigo, responsable du service de cat\u00e9ch\u00e8se de Dijon Bonne nouvelle, Dieu a un projet pour toi ! par le p\u00e8re Axel de Toulmon, pr\u00eatre du dioc\u00e8se de Dijon Qu&rsquo;est-ce qu&rsquo;il y a apr\u00e8s notre vie sur terre ? &hellip; <\/p>\n<p><a class=\"more-link btn\" href=\"https:\/\/www.mediatech21.fr\/?page_id=1731\">Lire la suite<\/a><\/p>\n","protected":false},"author":1,"featured_media":0,"parent":105,"menu_order":0,"comment_status":"closed","ping_status":"closed","template":"","meta":{"footnotes":""},"_links":{"self":[{"href":"https:\/\/www.mediatech21.fr\/index.php?rest_route=\/wp\/v2\/pages\/1731"}],"collection":[{"href":"https:\/\/www.mediatech21.fr\/index.php?rest_route=\/wp\/v2\/pages"}],"about":[{"href":"https:\/\/www.mediatech21.fr\/index.php?rest_route=\/wp\/v2\/types\/page"}],"author":[{"embeddable":true,"href":"https:\/\/www.mediatech21.fr\/index.php?rest_route=\/wp\/v2\/users\/1"}],"replies":[{"embeddable":true,"href":"https:\/\/www.mediatech21.fr\/index.php?rest_route=%2Fwp%2Fv2%2Fcomments&post=1731"}],"version-history":[{"count":1,"href":"https:\/\/www.mediatech21.fr\/index.php?rest_route=\/wp\/v2\/pages\/1731\/revisions"}],"predecessor-version":[{"id":1732,"href":"https:\/\/www.mediatech21.fr\/index.php?rest_route=\/wp\/v2\/pages\/1731\/revisions\/1732"}],"up":[{"embeddable":true,"href":"https:\/\/www.mediatech21.fr\/index.php?rest_route=\/wp\/v2\/pages\/105"}],"wp:attachment":[{"href":"https:\/\/www.mediatech21.fr\/index.php?rest_route=%2Fwp%2Fv2%2Fmedia&parent=1731"}],"curies":[{"name":"wp","href":"https:\/\/api.w.org\/{rel}","templated":true}]}}