{"id":1381,"date":"2021-03-17T12:07:10","date_gmt":"2021-03-17T10:07:10","guid":{"rendered":"http:\/\/www.mediatech21.fr\/?page_id=1381"},"modified":"2021-03-17T12:24:38","modified_gmt":"2021-03-17T10:24:38","slug":"qui-sommes-nous","status":"publish","type":"page","link":"https:\/\/www.mediatech21.fr\/?page_id=1381","title":{"rendered":"Qui sommes-nous ?"},"content":{"rendered":"\n<h1 class=\"wp-block-heading\"><strong><span style=\"color:#9f0e0e\" class=\"has-inline-color\">Vous \u00eates sur le blog MEDIATECH21\u00a0du dioc\u00e8se de Dijon<\/span>\u00a0<\/strong><\/h1>\n\n\n\n<h4 class=\"wp-block-heading\"><strong><span style=\"color:#9f0e0e\" class=\"has-inline-color\">Nos missions :<\/span><\/strong><\/h4>\n\n\n\n<ul><li>Vous informer, vous conseiller, vous pr\u00eater des documents.<\/li><li>Vous former pour l&rsquo;animation pastorale ou pour vous-m\u00eame et votre entourage.<\/li><\/ul>\n\n\n\n<h4 class=\"wp-block-heading\"><strong><span style=\"color:#9f0e0e\" class=\"has-inline-color\">Quels types d&rsquo;outils et de documents trouver au centre de documentation ?\u00a0<\/span><\/strong><\/h4>\n\n\n\n<ul><li>Des livres, des revues, des jeux, des images, des DVD, des CD, etc\u2026<\/li><li>Des id\u00e9es de c\u00e9l\u00e9brations et de rencontres cat\u00e9ch\u00e9tiques, des bricolages\u2026<\/li><\/ul>\n\n\n\n<h4 class=\"wp-block-heading\">\u00a0<strong><span style=\"color:#9f0e0e\" class=\"has-inline-color\">Pour qui\u00a0?<\/span><\/strong><\/h4>\n\n\n\n<ul><li>Des outils pour tous&nbsp;: \u00e9veil \u00e0 la foi, cat\u00e9ch\u00e8se, animation de groupes de jeunes (aum\u00f4nerie, scouts, Mej, ACE, etc\u2026), pr\u00e9paration au mariage, bapt\u00eame, animation de tous groupes.<\/li><li>Vous y trouverez \u00e9galement des ressources pour animer des rencontres avec des personnes en situation de handicap.<\/li><\/ul>\n\n\n\n<p><span style=\"color:#9f0e0e\" class=\"has-inline-color\"><strong>N&rsquo;h\u00e9sitez pas \u00e0 nous contacter ou \u00e0 venir nous voir et nous verrons avec vous comment vous aider<\/strong> :<\/span><br \/>9 bis boulevard Voltaire 21000 DIJON<br \/>Tel : 03 80 63 14 38<br \/>Mail : mediatech21.diocese@gmail.com<\/p>\n\n\n\n<p><strong><span style=\"color:#9f0e0e\" class=\"has-inline-color\">Horaires d&rsquo;ouverture :<\/span><\/strong> du lundi au vendredi de 14h \u00e0 18h et mercredi de 10h \u00e0 12h<\/p>\n\n\n\n<h2 class=\"wp-block-heading\">&nbsp;<\/h2>\n","protected":false},"excerpt":{"rendered":"<p>Vous \u00eates sur le blog MEDIATECH21\u00a0du dioc\u00e8se de Dijon\u00a0 Nos missions : Vous informer, vous conseiller, vous pr\u00eater des documents. Vous former pour l&rsquo;animation pastorale ou pour vous-m\u00eame et votre entourage. Quels types d&rsquo;outils et de documents trouver au centre de documentation ?\u00a0 Des livres, des revues, des jeux, des images, des DVD, des CD, &hellip; <\/p>\n<p><a class=\"more-link btn\" href=\"https:\/\/www.mediatech21.fr\/?page_id=1381\">Lire la suite<\/a><\/p>\n","protected":false},"author":1,"featured_media":0,"parent":0,"menu_order":0,"comment_status":"closed","ping_status":"closed","template":"","meta":{"footnotes":""},"_links":{"self":[{"href":"https:\/\/www.mediatech21.fr\/index.php?rest_route=\/wp\/v2\/pages\/1381"}],"collection":[{"href":"https:\/\/www.mediatech21.fr\/index.php?rest_route=\/wp\/v2\/pages"}],"about":[{"href":"https:\/\/www.mediatech21.fr\/index.php?rest_route=\/wp\/v2\/types\/page"}],"author":[{"embeddable":true,"href":"https:\/\/www.mediatech21.fr\/index.php?rest_route=\/wp\/v2\/users\/1"}],"replies":[{"embeddable":true,"href":"https:\/\/www.mediatech21.fr\/index.php?rest_route=%2Fwp%2Fv2%2Fcomments&post=1381"}],"version-history":[{"count":4,"href":"https:\/\/www.mediatech21.fr\/index.php?rest_route=\/wp\/v2\/pages\/1381\/revisions"}],"predecessor-version":[{"id":1389,"href":"https:\/\/www.mediatech21.fr\/index.php?rest_route=\/wp\/v2\/pages\/1381\/revisions\/1389"}],"wp:attachment":[{"href":"https:\/\/www.mediatech21.fr\/index.php?rest_route=%2Fwp%2Fv2%2Fmedia&parent=1381"}],"curies":[{"name":"wp","href":"https:\/\/api.w.org\/{rel}","templated":true}]}}