{"id":1251,"date":"2020-09-17T17:20:48","date_gmt":"2020-09-17T15:20:48","guid":{"rendered":"http:\/\/www.mediatech21.fr\/?page_id=1251"},"modified":"2021-09-16T21:44:49","modified_gmt":"2021-09-16T19:44:49","slug":"lycee-programme-pedagogique","status":"publish","type":"page","link":"https:\/\/www.mediatech21.fr\/?page_id=1251","title":{"rendered":"Lyc\u00e9e : programme p\u00e9dagogique"},"content":{"rendered":"\n<p>Message de Mgr Roland Minnerath, Archev\u00eaque de Dijon, pour pr\u00e9senter ce parcours aux jeunes :<\/p>\n\n\n\n<p>\u00ab\u00a0Le parcours Lyc\u00e9e va te permettre d\u2019approfondir ta formation chr\u00e9tienne, en mettant l\u2019accent sur la vie du chr\u00e9tien dans la soci\u00e9t\u00e9. Les ann\u00e9es Coll\u00e8ge \u00e9taient centr\u00e9es sur l\u2019anthropologie, la d\u00e9couverte de soi, corps, \u00e2me et esprit. Sur les trois ann\u00e9es qui viennent, tu vas progressivement prendre conscience de ce que le Seigneur attend de toi en mati\u00e8re d\u2019engagement dans la vie.<\/p>\n\n\n\n<div class=\"wp-block-image\"><figure class=\"alignright size-large is-resized\"><img decoding=\"async\" loading=\"lazy\" src=\"http:\/\/www.mediatech21.fr\/wp-content\/uploads\/2020\/09\/CAPTA.jpg\" alt=\"\" class=\"wp-image-1252\" width=\"300\" height=\"420\" srcset=\"https:\/\/www.mediatech21.fr\/wp-content\/uploads\/2020\/09\/CAPTA.jpg 300w, https:\/\/www.mediatech21.fr\/wp-content\/uploads\/2020\/09\/CAPTA-214x300.jpg 214w\" sizes=\"(max-width: 300px) 100vw, 300px\" \/><\/figure><\/div>\n\n\n\n<p>Pour t\u2019y aider tu disposes d\u00e9j\u00e0 du <em>Cat\u00e9chisme pour tous les \u00e2ges. <\/em>C\u2019est l\u00e0 que toute la cat\u00e9ch\u00e8se, jeunes et adultes, est mise en coh\u00e9rence. Maintenant que tu as re\u00e7u, en principe, les trois sacrements de l\u2019initiation chr\u00e9tienne, ton parcours est de type \u00ab&nbsp;mystagogique&nbsp;\u00bb, c\u2019est-\u00e0-dire d\u2019approfondissement et de d\u00e9couverte de tous les enjeux de la foi v\u00e9cue avec d\u2019autres en Eglise et dans le monde.<\/p>\n\n\n\n<p><em>Du bon usage du CAPTA<\/em><\/p>\n\n\n\n<p>-Vous pouvez lire toute une section, dans le langage que vous pr\u00e9f\u00e9rez<\/p>\n\n\n\n<p>-Ou bien vous allez y chercher la r\u00e9ponse \u00e0 une question pr\u00e9cise, en vous aidant du Lexique ou de la Table des mati\u00e8res&nbsp;;<\/p>\n\n\n\n<p>-N\u2019oubliez pas de vous nourrir de la Parole de Dieu et des textes de r\u00e9f\u00e9rence offerts \u00e0 la suite de chaque th\u00e8me (pages marron).<\/p>\n\n\n\n<p>A.Les trois ann\u00e9es de Lyc\u00e9e vont te proposer des temps de r\u00e9flexion autour des axes suivants&nbsp;:<\/p>\n\n\n\n<p>En Seconde&nbsp;: aborder en chr\u00e9tien les grands engagements personnels&nbsp;: le mariage, la famille, la procr\u00e9ation, l\u2019\u00e9ducation, l\u2019\u00e9thique sociale.<\/p>\n\n\n\n<ol type=\"1\"><li>Ethique sociale et religion<\/li><li>La personne, origine et fin de la vie sociale<\/li><li>Fonder une famille<\/li><li>Education et transmission des valeurs<\/li><li>Ethique de la vie<\/li><li>Libert\u00e9 et responsabilit\u00e9<\/li><\/ol>\n\n\n\n<p>B. En Premi\u00e8re&nbsp;: le regard chr\u00e9tien sur le travail, l\u2019\u00e9conomie, l\u2019\u00e9cologie, la paix dans le monde. Que propose la foi \u00e0 notre soci\u00e9t\u00e9 en mati\u00e8re de justice, de solidarit\u00e9&nbsp;? La loi d\u2019amour peut-elle transformer la soci\u00e9t\u00e9&nbsp;?<\/p>\n\n\n\n<p>7. Foi et raison<\/p>\n\n\n\n<p>8. Le bien commun<\/p>\n\n\n\n<p>9. Le travail et le d\u00e9veloppement<\/p>\n\n\n\n<p>10. La vie \u00e9conomique<\/p>\n\n\n\n<p>11. La cr\u00e9ation et l\u2019\u00e9cologie<\/p>\n\n\n\n<p>12. Politique et loi d\u2019amour<\/p>\n\n\n\n<p>C. En Terminale&nbsp;: Tu es membre de l\u2019Eglise du Christ. Dans l\u2019Eglise tu es invit\u00e9 \u00e0 t\u2019engager. Pour cela chacun est invit\u00e9 \u00e0 r\u00e9fl\u00e9chir \u00e0 sa vocation et \u00e0 sa place dans l\u2019Eglise. Tu ne perdras pas de vue que tu es, avec les autres, \u00ab&nbsp;sel de la terre&nbsp;\u00bb et porteur de la Bonne Nouvelle du Christ. Tu seras t\u00e9moin du Christ devant ceux qui ne croient pas ou qui professent une autre religion.<\/p>\n\n\n\n<p>13. Chr\u00e9tiens dans la soci\u00e9t\u00e9<\/p>\n\n\n\n<p>14. Ma place dans l\u2019Eglise<\/p>\n\n\n\n<p>15. Quelle est ma vocation&nbsp;?<\/p>\n\n\n\n<p>16. L\u2019esp\u00e9rance du monde \u00e0 venir<\/p>\n\n\n\n<p>17. Le dialogue avec les autres croyants<\/p>\n\n\n\n<p>18. Appel\u00e9s \u00e0 \u00e9vang\u00e9liser&nbsp;<\/p>\n\n\n\n<p>Ce parcours sera un chemin de croissance avec le Christ. C\u2019est lui qui est \u00e0 l\u2019origine et au terme de nos recherches. Le chr\u00e9tien ne cultive pas seulement de bons sentiments. Il va toujours \u00e0 la source, qui est le Christ. Tout ce que tu as assimil\u00e9 au cours de tes ann\u00e9es d\u2019initiation va prendre un relief particulier&nbsp;: la pri\u00e8re, le credo, les commandements, les sacrements. Tout conflue en ta personne pour que tu puisses progresser sur le chemin de la maturit\u00e9 et de l\u2019engagement chr\u00e9tien.\u00a0\u00bb<\/p>\n\n\n\n<p>Les fiches sont en cours de r\u00e9daction. Contacter le service de cat\u00e9ch\u00e8se du dioc\u00e8se de Dijon pour avoir plus d&rsquo;informations : catechese21@gmail.com ou 03 80 63 14 58.<\/p>\n\n\n\n<p>Exemples de fiches :<\/p>\n\n\n\n<ul><li><a href=\"https:\/\/drive.google.com\/file\/d\/1izUIWWeElz7CKvjvDGAfuONyJoy0Agdj\/view?usp=sharing\" target=\"_blank\" rel=\"noreferrer noopener\">La Cr\u00e9ation et l&rsquo;\u00e9cologie (fiche animateur)<\/a><\/li><\/ul>\n\n\n\n<ul><li><a href=\"https:\/\/drive.google.com\/file\/d\/1pwb8QA-TuczfstTYWFooHqwE8IYDCalV\/view?usp=sharing\" target=\"_blank\" rel=\"noreferrer noopener\">La Cr\u00e9ation et l&rsquo;\u00e9cologie (fiche jeune)<\/a><\/li><\/ul>\n\n\n\n<p><\/p>\n","protected":false},"excerpt":{"rendered":"<p>Message de Mgr Roland Minnerath, Archev\u00eaque de Dijon, pour pr\u00e9senter ce parcours aux jeunes : \u00ab\u00a0Le parcours Lyc\u00e9e va te permettre d\u2019approfondir ta formation chr\u00e9tienne, en mettant l\u2019accent sur la vie du chr\u00e9tien dans la soci\u00e9t\u00e9. Les ann\u00e9es Coll\u00e8ge \u00e9taient centr\u00e9es sur l\u2019anthropologie, la d\u00e9couverte de soi, corps, \u00e2me et esprit. Sur les trois ann\u00e9es &hellip; <\/p>\n<p><a class=\"more-link btn\" href=\"https:\/\/www.mediatech21.fr\/?page_id=1251\">Lire la suite<\/a><\/p>\n","protected":false},"author":1,"featured_media":0,"parent":0,"menu_order":0,"comment_status":"closed","ping_status":"closed","template":"","meta":{"footnotes":""},"_links":{"self":[{"href":"https:\/\/www.mediatech21.fr\/index.php?rest_route=\/wp\/v2\/pages\/1251"}],"collection":[{"href":"https:\/\/www.mediatech21.fr\/index.php?rest_route=\/wp\/v2\/pages"}],"about":[{"href":"https:\/\/www.mediatech21.fr\/index.php?rest_route=\/wp\/v2\/types\/page"}],"author":[{"embeddable":true,"href":"https:\/\/www.mediatech21.fr\/index.php?rest_route=\/wp\/v2\/users\/1"}],"replies":[{"embeddable":true,"href":"https:\/\/www.mediatech21.fr\/index.php?rest_route=%2Fwp%2Fv2%2Fcomments&post=1251"}],"version-history":[{"count":5,"href":"https:\/\/www.mediatech21.fr\/index.php?rest_route=\/wp\/v2\/pages\/1251\/revisions"}],"predecessor-version":[{"id":1528,"href":"https:\/\/www.mediatech21.fr\/index.php?rest_route=\/wp\/v2\/pages\/1251\/revisions\/1528"}],"wp:attachment":[{"href":"https:\/\/www.mediatech21.fr\/index.php?rest_route=%2Fwp%2Fv2%2Fmedia&parent=1251"}],"curies":[{"name":"wp","href":"https:\/\/api.w.org\/{rel}","templated":true}]}}