{"id":1212,"date":"2020-04-01T14:47:15","date_gmt":"2020-04-01T12:47:15","guid":{"rendered":"http:\/\/www.mediatech21.fr\/?page_id=1212"},"modified":"2020-04-01T14:52:22","modified_gmt":"2020-04-01T12:52:22","slug":"contes-bibliques","status":"publish","type":"page","link":"https:\/\/www.mediatech21.fr\/?page_id=1212","title":{"rendered":"Contes bibliques"},"content":{"rendered":"<h3><span style=\"color: #800000;\">Voici plusieurs contes bibliques \u00e9crits et racont\u00e9s par une conteuse biblique de Dijon pour les enfants de 7 \u00e0 12 ans. Pour les \u00e9couter, il est important de se mettre en condition : s&rsquo;asseoir dans une endroit o\u00f9 l&rsquo;on est bien, confortablement install\u00e9, au calme. On peut aussi allumer une bougie, ouvrir une Bible, fermer les yeux et \u00e9couter. N&rsquo;h\u00e9sitons pas \u00e0 les \u00e9couter avec l&rsquo;enfant pour en parler apr\u00e8s :<\/span><\/h3>\n<p>&nbsp;<\/p>\n<p><span style=\"color: #3366ff; font-size: x-large;\"><strong>Ancien Testament : <\/strong><\/span><\/p>\n<ul>\n<li><a href=\"https:\/\/drive.google.com\/open?id=15l_evTSWOgE-5ptKLDCAeHnnOM9YgGCv\" target=\"_blank\" rel=\"noopener\"><span style=\"font-size: x-large;\"><span style=\"color: #800000;\"><strong>La Cr\u00e9ation<\/strong><\/span><\/span><\/a><\/li>\n<li><a href=\"https:\/\/drive.google.com\/open?id=18OE94k74bIdniNfJujkY5F6DB8DvUu8F\" target=\"_blank\" rel=\"noopener\"><span style=\"font-size: x-large;\"><span style=\"color: #800000;\"><strong>Ca\u00efn et Abel <\/strong><\/span><\/span><\/a><\/li>\n<li><span style=\"font-size: x-large;\"><span style=\"color: #800000;\"><strong><a href=\"https:\/\/drive.google.com\/open?id=15l_evTSWOgE-5ptKLDCAeHnnOM9YgGCv\" target=\"_blank\" rel=\"noopener\">L&rsquo;appel d&rsquo;Abram<\/a><br \/>\n<\/strong><\/span><\/span><\/li>\n<li><a href=\"https:\/\/drive.google.com\/open?id=1w3qKzuHDkNi63aFKd68XufuPVLdg7PTZ\" target=\"_blank\" rel=\"noopener\"><span style=\"font-size: x-large;\"><span style=\"color: #800000;\"><strong>Abraham et Loth<\/strong><\/span><\/span><\/a><\/li>\n<li><a href=\"https:\/\/drive.google.com\/open?id=1_Np2k2dQInaoCE3l6ASBZrUBuRBeOw-j\" target=\"_blank\" rel=\"noopener\"><span style=\"font-size: x-large;\"><span style=\"color: #800000;\"><strong>Abraham et l&rsquo;alliance<\/strong><\/span><\/span><\/a><\/li>\n<li><a href=\"https:\/\/drive.google.com\/open?id=1WRseXyFiNgZDb0rG8TdrBFTCX_VZmJVx\" target=\"_blank\" rel=\"noopener\"><span style=\"font-size: x-large;\"><span style=\"color: #800000;\"><strong>Le sacrifice d&rsquo;Isaac<\/strong><\/span><\/span><\/a><\/li>\n<li><span style=\"font-size: x-large;\"><span style=\"color: #800000;\"><strong><a href=\"https:\/\/drive.google.com\/open?id=1xd90rFtIrt9DchFCu5QRqUhxCoH6Vlg3\" target=\"_blank\" rel=\"noopener\">Mo\u00efse sauv\u00e9 des eaux<\/a><\/strong><\/span><\/span><\/li>\n<li><span style=\"font-size: x-large;\"><span style=\"color: #800000;\"><strong><a href=\"https:\/\/drive.google.com\/open?id=1vH9L43Vtfdm_F3GI85RsuKnkN9mrhJjG\" target=\"_blank\" rel=\"noopener\">Le buisson ardent<\/a><\/strong><\/span><\/span><\/li>\n<li><span style=\"font-size: x-large;\"><span style=\"color: #800000;\"><strong><a href=\"https:\/\/drive.google.com\/open?id=1uN_sddp2h39Q0DFrEIBvTgL4UcaaYjKE\" target=\"_blank\" rel=\"noopener\">La manne<\/a><\/strong><\/span><\/span><\/li>\n<li><a href=\"https:\/\/drive.google.com\/open?id=1PXMTU2IuGvLemlXfKvk7HTQt1pWbuHEq\" target=\"_blank\" rel=\"noopener\"><span style=\"color: #800000;\"><span style=\"font-size: x-large;\"><strong>Les dix commandements<\/strong><\/span><\/span><\/a><\/li>\n<li><a href=\"https:\/\/drive.google.com\/open?id=1De5uZgTMLvOLVuHs9RfWZL-cXkR-go6E\" target=\"_blank\" rel=\"noopener\"><span style=\"color: #800000;\"><span style=\"font-size: x-large;\"><strong>Le veau d&rsquo;or<\/strong><\/span><\/span><\/a><\/li>\n<li><span style=\"color: #800000;\"><span style=\"font-size: x-large;\"><strong><a href=\"https:\/\/drive.google.com\/open?id=11BCpWK-HJzNeH8aoZSNGO0x_u652RkiL\" target=\"_blank\" rel=\"noopener\">Balaam<\/a><\/strong><\/span><\/span><\/li>\n<li><span style=\"color: #800000;\"><span style=\"font-size: x-large;\"><strong><a href=\"https:\/\/drive.google.com\/open?id=1G_99ePBsiok5uzfx-oxJELVFuWXkvZYM\" target=\"_blank\" rel=\"noopener\">L&rsquo;appel de Samuel<\/a><\/strong><\/span><\/span><\/li>\n<li><a href=\"https:\/\/drive.google.com\/open?id=1PWgXuSJkBEvoMeIsvnrjs1H6CmYb5dGt\" target=\"_blank\" rel=\"noopener\"><span style=\"font-size: x-large;\"><span style=\"color: #800000;\"><strong>L&rsquo;onction de David<\/strong><\/span><\/span><\/a><\/li>\n<li><a href=\"https:\/\/drive.google.com\/open?id=1pe5ctgJp6euLs9XetU3oeNqpORETVEoU\" target=\"_blank\" rel=\"noopener\"><span style=\"color: #800000;\"><span style=\"font-size: x-large;\"><strong>David et Goliath<\/strong><\/span><\/span><\/a><\/li>\n<li><a href=\"https:\/\/drive.google.com\/open?id=1NS0387uOi_6POFQLSo3fgHlfFzVdIhul\" target=\"_blank\" rel=\"noopener\"><span style=\"color: #800000; font-size: x-large;\"><b>Elie<\/b><\/span><\/a><\/li>\n<\/ul>\n<div><\/div>\n<div>\n<div><strong><span style=\"color: #3366ff; font-size: x-large;\">Nouveau Testament :<\/span><\/strong><\/div>\n<div><\/div>\n<div>\n<ul>\n<li><a href=\"https:\/\/drive.google.com\/open?id=1Ybt_uOdweX47etr5YW0Crpubz0Wqk5f6\" target=\"_blank\" rel=\"noopener\"><span style=\"color: #800000;\"><span style=\"font-size: x-large;\"><strong>Annonce de l&rsquo;Ange Gabriel<\/strong><\/span><\/span><\/a><\/li>\n<li><a href=\"https:\/\/drive.google.com\/open?id=1PaKUa7UnqxM48phhRRo-oMSQiOcMYtve\" target=\"_blank\" rel=\"noopener\"><span style=\"color: #800000;\"><span style=\"font-size: x-large;\"><strong>Visite de Marie \u00e0 Elisabeth<\/strong><\/span><\/span><\/a><\/li>\n<li><span style=\"color: #800000;\"><span style=\"font-size: x-large;\"><strong><a href=\"https:\/\/drive.google.com\/open?id=13p9TG2J-b36Szrkk9UpVvSTVFTG-J7Mu\" target=\"_blank\" rel=\"noopener\">L&rsquo;annonce \u00e0 Joseph<\/a><br \/>\n<\/strong><\/span><\/span><\/li>\n<li><a href=\"https:\/\/drive.google.com\/open?id=1qyPEd8hqFPUrA5hWa1R76Jqq7XntD1Ju\" target=\"_blank\" rel=\"noopener\"><span style=\"color: #800000;\"><span style=\"font-size: x-large;\"><strong>Jean Le Baptiste<\/strong><\/span><\/span><\/a><\/li>\n<li><span style=\"color: #800000;\"><span style=\"font-size: x-large;\"><strong><a href=\"https:\/\/drive.google.com\/open?id=1fyCFKv2O-T7eydr_c1Qr126_U3K951Gh\" target=\"_blank\" rel=\"noopener\">Marthe et Marie<\/a><\/strong><\/span><\/span><\/li>\n<li><span style=\"color: #800000;\"><span style=\"font-size: x-large;\"><strong><a href=\"https:\/\/drive.google.com\/open?id=1dpwxJh2xr59YfW6Glwt0NcgM4CWOvJiU\" target=\"_blank\" rel=\"noopener\">La femme adult\u00e8re<\/a><br \/>\n<\/strong><\/span><\/span><\/li>\n<li><span style=\"color: #800000;\"><span style=\"font-size: x-large;\"><strong><a href=\"https:\/\/drive.google.com\/open?id=1TA95fhb0K0M1TWVXqvo7m1AEPE3YQaCx\" target=\"_blank\" rel=\"noopener\">Le bon larron<\/a><br \/>\n<\/strong><\/span><\/span><\/li>\n<li><a href=\"https:\/\/drive.google.com\/open?id=1craJJK1rSO1-Oh1aS53gIlt12MEfSCaS\" target=\"_blank\" rel=\"noopener\"><span style=\"color: #800000;\"><span style=\"font-size: x-large;\"><strong>La Pentec\u00f4te<\/strong><\/span><\/span><\/a><\/li>\n<li><a href=\"https:\/\/drive.google.com\/open?id=1ZRCGm0bCHqxJhHUM7Z_qkyI_gh-NptyF\" target=\"_blank\" rel=\"noopener\"><span style=\"color: #800000;\"><span style=\"font-size: x-large;\"><strong>Pierre raconte la Pentec\u00f4te<\/strong><\/span><\/span><\/a><\/li>\n<\/ul>\n<\/div>\n<\/div>\n","protected":false},"excerpt":{"rendered":"<p>Voici plusieurs contes bibliques \u00e9crits et racont\u00e9s par une conteuse biblique de Dijon pour les enfants de 7 \u00e0 12 ans. Pour les \u00e9couter, il est important de se mettre en condition : s&rsquo;asseoir dans une endroit o\u00f9 l&rsquo;on est bien, confortablement install\u00e9, au calme. On peut aussi allumer une bougie, ouvrir une Bible, fermer &hellip; <\/p>\n<p><a class=\"more-link btn\" href=\"https:\/\/www.mediatech21.fr\/?page_id=1212\">Lire la suite<\/a><\/p>\n","protected":false},"author":1,"featured_media":0,"parent":0,"menu_order":0,"comment_status":"closed","ping_status":"closed","template":"","meta":{"footnotes":""},"_links":{"self":[{"href":"https:\/\/www.mediatech21.fr\/index.php?rest_route=\/wp\/v2\/pages\/1212"}],"collection":[{"href":"https:\/\/www.mediatech21.fr\/index.php?rest_route=\/wp\/v2\/pages"}],"about":[{"href":"https:\/\/www.mediatech21.fr\/index.php?rest_route=\/wp\/v2\/types\/page"}],"author":[{"embeddable":true,"href":"https:\/\/www.mediatech21.fr\/index.php?rest_route=\/wp\/v2\/users\/1"}],"replies":[{"embeddable":true,"href":"https:\/\/www.mediatech21.fr\/index.php?rest_route=%2Fwp%2Fv2%2Fcomments&post=1212"}],"version-history":[{"count":5,"href":"https:\/\/www.mediatech21.fr\/index.php?rest_route=\/wp\/v2\/pages\/1212\/revisions"}],"predecessor-version":[{"id":1218,"href":"https:\/\/www.mediatech21.fr\/index.php?rest_route=\/wp\/v2\/pages\/1212\/revisions\/1218"}],"wp:attachment":[{"href":"https:\/\/www.mediatech21.fr\/index.php?rest_route=%2Fwp%2Fv2%2Fmedia&parent=1212"}],"curies":[{"name":"wp","href":"https:\/\/api.w.org\/{rel}","templated":true}]}}