{"id":1180,"date":"2020-01-29T13:04:23","date_gmt":"2020-01-29T11:04:23","guid":{"rendered":"http:\/\/www.mediatech21.fr\/?page_id=1180"},"modified":"2020-04-09T17:59:33","modified_gmt":"2020-04-09T15:59:33","slug":"careme-2020","status":"publish","type":"page","link":"https:\/\/www.mediatech21.fr\/?page_id=1180","title":{"rendered":"Car\u00eame et Semaine Sainte 2020"},"content":{"rendered":"<h2><span style=\"color: #993366;\">Voici quelques id\u00e9es glan\u00e9es sur la toile, pour vivre le car\u00eame avec les enfants, les jeunes et les moins jeunes :<\/span><\/h2>\n<ul>\n<li>\n<h2><a href=\"https:\/\/www.mameeditions.com\/semaine-sainte\" target=\"_blank\" rel=\"noopener\"><span style=\"color: #993366;\">Vivre la Semaine Sainte (propositions des \u00e9ditions Mame)<\/span><\/a><\/h2>\n<\/li>\n<li>\n<h2><a href=\"https:\/\/www.paris.catholique.fr\/un-jardin-de-paques-a-fabriquer-49223.html\" target=\"_blank\" rel=\"noopener\"><span style=\"color: #993366;\">Faites un jardin de P\u00e2ques <\/span><\/a><span style=\"color: #993366;\">et<\/span><span style=\"color: #993366;\"> envoyez-nous vos r\u00e9alisations !<\/span><\/h2>\n<\/li>\n<li>\n<h2><a href=\"https:\/\/catechese.catholique.fr\/outils\/propositions-celebrations-liturgiques\/311569-liturgie-domestique-confinement-comment-celebrer-semaine-sainte-paques-famille\/\" target=\"_blank\" rel=\"noopener\"><span style=\"color: #993366;\">Vivre la Semaine Sainte et P\u00e2ques avec le SNCC<\/span><\/a><\/h2>\n<\/li>\n<li>\n<h2><span style=\"color: #993366;\"><a href=\"https:\/\/youtu.be\/me9KQ8u0uaM\" target=\"_blank\" rel=\"noopener\">Comment bien vivre la Semaine Sainte et P\u00e2ques ?<\/a><\/span><span style=\"color: #993366;\"> par les pr\u00eatres de la paroisse St Bernard de Dijon<\/span><\/h2>\n<\/li>\n<li>\n<h2><a href=\"http:\/\/www.mediatech21.fr\/?p=1222\" target=\"_blank\" rel=\"noopener\"><span style=\"color: #993366;\">La Semaine Sainte avec Image et Pastorale<\/span><\/a><\/h2>\n<\/li>\n<li>\n<h2><a href=\"http:\/\/www.mediatech21.fr\/?page_id=1212\" target=\"_blank\" rel=\"noopener\"><span style=\"color: #993366;\">Contes bibliques<\/span><\/a><\/h2>\n<\/li>\n<li>\n<h2><a href=\"https:\/\/catechese.catholique.fr\/outils\/sites-internet\/311314-catechese-confinement-careme-internet-enfants-familles\/\" target=\"_blank\" rel=\"noopener\"><span style=\"color: #993366;\">Ressources du SNCC sp\u00e9cial confinement<\/span><\/a><\/h2>\n<\/li>\n<li>\n<h2><span style=\"color: #993366;\">Les \u00e9vangiles du Car\u00eame en vid\u00e9o :<\/span><\/h2>\n<ul>\n<li><a href=\"https:\/\/youtu.be\/BvOwUmzYN_Y\" target=\"_blank\" rel=\"noopener\">29 mars 2020 : la r\u00e9surrection de Lazare (Jn 11, 3-7.17.20-27.33-45)<\/a><\/li>\n<li><a href=\"https:\/\/www.theobule.org\/video\/une-anesse-et-son-petit\/12\" target=\"_blank\" rel=\"noopener\">5 avril 2020 : les rameaux (Mt. 21, 1-11)<\/a><\/li>\n<li><a href=\"https:\/\/youtu.be\/4YjBoCnz1V0\" target=\"_blank\" rel=\"noopener\">5 avril 2020 : la passion de J\u00e9sus<\/a> (Mt. 27, 11-54)(penser \u00e0 arr\u00eater avant la r\u00e9surrection)<\/li>\n<li><a href=\"https:\/\/youtu.be\/GfcmxJOxubs\" target=\"_blank\" rel=\"noopener\">Jeudi saint 9 avril : le lavement des pieds (Jn 13, 1-15)<\/a><\/li>\n<li><a href=\"https:\/\/youtu.be\/VRk-uD7Vf_w\" target=\"_blank\" rel=\"noopener\">Vendredi saint 10 avril : le chemin de croix<\/a><\/li>\n<li><a href=\"https:\/\/www.theobule.org\/video\/la-pierre-roulee\/18\" target=\"_blank\" rel=\"noopener\">Samedi saint 11 avril : J\u00e9sus appara\u00eet \u00e0 Marie-Madeleine et \u00e0 Marie (Mt. 28, 1-10)<\/a><\/li>\n<\/ul>\n<\/li>\n<li>\n<h2><span style=\"color: #993366;\">Les \u00e9ditions Mame ont mis en ligne diff\u00e9rentes ressources gratuites :<\/span><\/h2>\n<\/li>\n<\/ul>\n<ul>\n<li style=\"list-style-type: none;\">\n<ul>\n<li>\n<h4><a href=\"https:\/\/www.mameeditions.com\/vivre-la-messe-en-famille-a-la-maison\" target=\"_blank\" rel=\"noopener\">des dossiers pour vivre les dimanches de Car\u00eame \u00e0 la maison avec les enfants (coloriages, BD, etc&#8230;)<\/a><\/h4>\n<\/li>\n<li>\n<h4><a href=\"https:\/\/www.mameeditions.com\/coloriages-et-activites-a-la-maison\" target=\"_blank\" rel=\"noopener\">des activit\u00e9s et des coloriages<\/a><span style=\"color: #993366;\"> d&rsquo;\u00e9veil \u00e0 la foi<\/span><\/h4>\n<\/li>\n<li>\n<h4><a href=\"https:\/\/www.mameeditions.com\/ressources-catechese-a-la-maison\" target=\"_blank\" rel=\"noopener\">des ressources pour la cat\u00e9ch\u00e8se \u00e0 la maison<\/a><span style=\"color: #993366;\"> (notamment Car\u00eame et Semaine Sainte)<\/span><\/h4>\n<\/li>\n<li>\n<h4><span style=\"color: #993366;\">des CD et livres religieux pour enfants \u00e0 \u00e9couter sur Deezer et Spotify, dont les abonnements sont gratuits le ou les premiers mois, il suffit de s&rsquo;inscrire :<\/span><\/h4>\n<ul>\n<li>\n<h4><span style=\"color: #993366;\"><a href=\"https:\/\/open.spotify.com\/user\/21gzabwt6waglpv3bpww55cyi?si=gqMSlhMhSN6n_me60kCtWA&amp;fbclid=IwAR1le5w_K2KXqJtn4ou8N_tlSzoErAXdHt4ILstmtwjs2wQtu6fF0_5qqm4&amp;_php=1\" target=\"_blank\" rel=\"noopener\"><span style=\"color: #993366;\">avec Spotify<\/span><\/a><\/span><\/h4>\n<\/li>\n<li>\n<h4><span style=\"color: #993366;\"><a style=\"color: #993366;\" href=\"https:\/\/www.deezer.com\/fr\/profile\/8852481\/playlists?fbclid=IwAR1F7oYMlghWWpb2obqYXNCHgY__tFMgrBx3PB3tl8Bxe2Jj3jBxE_fHsRk\" target=\"_blank\" rel=\"noopener\">avec Deezer<\/a><br \/>\n<\/span><\/h4>\n<h2><img decoding=\"async\" loading=\"lazy\" class=\"CToWUd a6T aligncenter\" tabindex=\"0\" src=\"https:\/\/ci4.googleusercontent.com\/proxy\/cyGLNkUxBYF4arl0qONoIFEMSil-NSfLT8w2ebzslL76RsRrISDjkwaNkkRkJyMMu9MLh4ngoOsKNEb7Pweb8Npphr36ug=s0-d-e1-ft#https:\/\/x3o90.mjt.lu\/tplimg\/x3o90\/b\/x6tw1\/m02x.jpeg\" alt=\"\" width=\"374\" height=\"142\" \/><\/h2>\n<\/li>\n<\/ul>\n<\/li>\n<\/ul>\n<\/li>\n<li>\n<h3><a href=\"http:\/\/email.catechese.catholique.fr\/nl2\/szpr\/mg7gs.html?m=AMYAAB0enDcAAciPXhIAAFKPnAsAAJByju8ABiSDAAFuqQBeb2Q6gdglkgRrROyNgNV-gDqDDQAA1Qc&amp;b=4028051b&amp;e=6cc58391&amp;x=MPEU-v98riOzfS_gIA0ph5dc_XM8M20dy1nOh8ysWv4\" target=\"_blank\" rel=\"noopener\">Des id\u00e9es du SNCC pour continuer \u00e0 vivre le Car\u00eame pendant ce temps \u00e9trange de confinement&#8230;<\/a><\/h3>\n<\/li>\n<li>\n<h3><span style=\"color: #993366;\">Des ressources en ligne pour le car\u00eame :<\/span><\/h3>\n<ul>\n<li>\n<h4><a href=\"https:\/\/catechese.catholique.fr\/outils\/sites-internet\/311332-propositions-careme-jeunes-connectes-priere\/\" target=\"_blank\" rel=\"noopener\">SNCC : des id\u00e9es pour les enfants et les <\/a><span style=\"color: #993366;\">ados<\/span><\/h4>\n<\/li>\n<li>\n<h4><a href=\"http:\/\/www.idees-cate.com\/le_cate\/careme.html\" target=\"_blank\" rel=\"noopener\"><span style=\"color: #993366;\">Id\u00e9es-cat\u00e9<\/span><\/a><\/h4>\n<\/li>\n<li>\n<h4><a href=\"https:\/\/catechese.catholique.fr\/outils\/recensions-livres\/302536-calendriers-chemins-careme-enfants\/\" target=\"_blank\" rel=\"noopener\">SNCC : des documents pour vivre le Car\u00eame, \u00e0 commander si c&rsquo;est encore possible&#8230;<\/a><\/h4>\n<\/li>\n<\/ul>\n<\/li>\n<li>\n<h3><span style=\"color: #993366;\"><a href=\"https:\/\/www.silenceonlit.com\/silence-on-lit-a-la-maison\" target=\"_blank\" rel=\"noopener\">Silence, on lit !<img decoding=\"async\" loading=\"lazy\" class=\"image-responsive alignright\" src=\"https:\/\/tse1.mm.bing.net\/th?id=OIP.3xAzKlcbDAgxzBgAB7L4rQHaJ7&amp;pid=Api\" width=\"95\" height=\"127\" \/><\/a> <\/span><\/h3>\n<\/li>\n<\/ul>\n<h4><span style=\"color: #993366;\"><img decoding=\"async\" loading=\"lazy\" class=\"no-js-hide alignleft\" src=\"https:\/\/tse3.mm.bing.net\/th?id=OIP.57Vc9H-q6UJQFiyg4NI-tQAAAA&amp;pid=Api\" width=\"84\" height=\"111\" \/>Cette association propose de prendre chaque jour entre 15 et 30 mn pour lire ce qui nous pla\u00eet. Alors, n&rsquo;h\u00e9sitez pas \u00e0 proposer \u00e0 vos enfants de lire Filot\u00e9o,<\/span><\/h4>\n<h2><span style=\"color: #993366;\"><img decoding=\"async\" loading=\"lazy\" class=\"no-js-hide alignright\" src=\"https:\/\/tse2.mm.bing.net\/th?id=OIP.jjdPV_ysYGk5xGeKdj-vcAHaJM&amp;pid=Api\" width=\"103\" height=\"127\" \/><\/span><\/h2>\n<h4><span style=\"color: #993366;\">Pomme d&rsquo;Api Soleil, les chercheurs de <img decoding=\"async\" loading=\"lazy\" class=\"no-js-hide alignleft\" src=\"https:\/\/tse3.mm.bing.net\/th?id=OIP.G2o_dgK97jbXyj-rdz5cJQAAAA&amp;pid=Api\" width=\"104\" height=\"127\" \/>Dieu, les paraboles de J\u00e9sus, la vie de J\u00e9sus en manga, en BD, etc&#8230; bref, ce que vous avez de beau chez vous et qui peut faire du bien !<\/span><\/h4>\n<p>&nbsp;<\/p>\n<h3><\/h3>\n<ul>\n<li>\n<h3><a href=\"https:\/\/catechese.cathocambrai.com\/livret-careme-annee.html\" target=\"_blank\" rel=\"noopener\">Une proposition du dioc\u00e8se de Cambrai<\/a><\/h3>\n<\/li>\n<li>\n<h3><span style=\"color: #993366;\"><a style=\"color: #993366;\" href=\"https:\/\/ccfd-terresolidaire.org\/mob\/pour-une-demarche\/vivre-le-careme\/vivre-le-careme-2020\/10-animations-autour-de-6513\" target=\"_blank\" rel=\"noopener\">La campagne de car\u00eame du CCFD<\/a><\/span><\/h3>\n<\/li>\n<\/ul>\n","protected":false},"excerpt":{"rendered":"<p>Voici quelques id\u00e9es glan\u00e9es sur la toile, pour vivre le car\u00eame avec les enfants, les jeunes et les moins jeunes : Vivre la Semaine Sainte (propositions des \u00e9ditions Mame) Faites un jardin de P\u00e2ques et envoyez-nous vos r\u00e9alisations ! Vivre la Semaine Sainte et P\u00e2ques avec le SNCC Comment bien vivre la Semaine Sainte et &hellip; <\/p>\n<p><a class=\"more-link btn\" href=\"https:\/\/www.mediatech21.fr\/?page_id=1180\">Lire la suite<\/a><\/p>\n","protected":false},"author":1,"featured_media":0,"parent":0,"menu_order":0,"comment_status":"closed","ping_status":"closed","template":"","meta":{"footnotes":""},"_links":{"self":[{"href":"https:\/\/www.mediatech21.fr\/index.php?rest_route=\/wp\/v2\/pages\/1180"}],"collection":[{"href":"https:\/\/www.mediatech21.fr\/index.php?rest_route=\/wp\/v2\/pages"}],"about":[{"href":"https:\/\/www.mediatech21.fr\/index.php?rest_route=\/wp\/v2\/types\/page"}],"author":[{"embeddable":true,"href":"https:\/\/www.mediatech21.fr\/index.php?rest_route=\/wp\/v2\/users\/1"}],"replies":[{"embeddable":true,"href":"https:\/\/www.mediatech21.fr\/index.php?rest_route=%2Fwp%2Fv2%2Fcomments&post=1180"}],"version-history":[{"count":24,"href":"https:\/\/www.mediatech21.fr\/index.php?rest_route=\/wp\/v2\/pages\/1180\/revisions"}],"predecessor-version":[{"id":1236,"href":"https:\/\/www.mediatech21.fr\/index.php?rest_route=\/wp\/v2\/pages\/1180\/revisions\/1236"}],"wp:attachment":[{"href":"https:\/\/www.mediatech21.fr\/index.php?rest_route=%2Fwp%2Fv2%2Fmedia&parent=1180"}],"curies":[{"name":"wp","href":"https:\/\/api.w.org\/{rel}","templated":true}]}}