{"id":1172,"date":"2019-12-04T12:55:06","date_gmt":"2019-12-04T10:55:06","guid":{"rendered":"http:\/\/www.mediatech21.fr\/?page_id=1172"},"modified":"2019-12-11T12:48:57","modified_gmt":"2019-12-11T10:48:57","slug":"avent-2019","status":"publish","type":"page","link":"https:\/\/www.mediatech21.fr\/?page_id=1172","title":{"rendered":"Avent 2019"},"content":{"rendered":"<h3><span style=\"color: #339966;\">Voici plusieurs ressources, glan\u00e9es sur la toile, pour pr\u00e9parer l&rsquo;Avent au cat\u00e9 :<\/span><\/h3>\n<h3><span style=\"color: #339966;\"><a style=\"color: #339966;\" href=\"https:\/\/catechese.catholique.fr\/\" target=\"_blank\" rel=\"noopener\">Sur le site du SNCC : pour un Avent \u00e9cologique<\/a><\/span><\/h3>\n<h3><span style=\"color: #339966;\">Sur le site du dioc\u00e8se de Paris :<\/span><\/h3>\n<ul>\n<li>\n<h3><span style=\"color: #339966;\"><a style=\"color: #339966;\" href=\"https:\/\/www.paris.catholique.fr\/decouvrez-vite-le-calendrier-de-l.html#\" target=\"_blank\" rel=\"nofollow noopener\" shape=\"rect\" data-saferedirecturl=\"https:\/\/www.google.com\/url?q=https:\/\/www.paris.catholique.fr\/decouvrez-vite-le-calendrier-de-l.html%23&amp;source=gmail&amp;ust=1575541364743000&amp;usg=AFQjCNGpcptGy3ZdhRUv9dbp4VuVdV8hxQ\">le calendrier de l&rsquo;Avent<br \/>\n<\/a><\/span><\/h3>\n<ul>\n<li>\n<h3><span style=\"color: #339966;\">en ligne : voir un peu plus bas sur la page du dioc\u00e8se de Paris<\/span><\/h3>\n<\/li>\n<li>\n<h3><span style=\"color: #339966;\"><a style=\"color: #339966;\" href=\"https:\/\/www.paris.catholique.fr\/IMG\/pdf\/calendrier_a_imprimer_2.pdf\" target=\"_blank\" rel=\"nofollow noopener\" shape=\"rect\" data-saferedirecturl=\"https:\/\/www.google.com\/url?q=https:\/\/www.paris.catholique.fr\/IMG\/pdf\/calendrier_a_imprimer_2.pdf&amp;source=gmail&amp;ust=1575541364743000&amp;usg=AFQjCNFIDR6TVMUepqgQdaJQqh7OcIGHkQ\">\u00e0 imprimer<\/a><\/span><\/h3>\n<\/li>\n<li>\n<h3><span style=\"color: #339966;\">\u00e0 commander (en fonction des stocks) : <a style=\"color: #339966;\" href=\"mailto:communication@diocese-paris.net\" target=\"_blank\" rel=\"nofollow noopener\" shape=\"rect\">communication@diocese-paris.<wbr><\/wbr>net<\/a> &#8211; 01 78 91 92 00<\/span><\/h3>\n<\/li>\n<\/ul>\n<\/li>\n<\/ul>\n<ul>\n<li>\n<h3><span style=\"color: #339966;\">Toujours sur la page du dioc\u00e8se de Paris, ils proposent :<\/span><\/h3>\n<ul>\n<li>\n<h3><span style=\"color: #339966;\"><a style=\"color: #339966;\" href=\"https:\/\/www.paris.catholique.fr\/avec-jean-le-baptiste-preparer-le.html\" target=\"_blank\" rel=\"nofollow noopener\" shape=\"rect\" data-saferedirecturl=\"https:\/\/www.google.com\/url?q=https:\/\/www.paris.catholique.fr\/avec-jean-le-baptiste-preparer-le.html&amp;source=gmail&amp;ust=1575541364743000&amp;usg=AFQjCNGq3MqMZ9lnK-xlLg-_O20CiqfR2Q\">une s\u00e9ance sur l&rsquo;Avent avec Jean-Baptiste <\/a><\/span><\/h3>\n<\/li>\n<li>\n<h3><span style=\"color: #339966;\"><a style=\"color: #339966;\" href=\"https:\/\/www.paris.catholique.fr\/parole-de-dieu-4-evangiles-pour-4.html\" target=\"_blank\" rel=\"nofollow noopener\" shape=\"rect\" data-saferedirecturl=\"https:\/\/www.google.com\/url?q=https:\/\/www.paris.catholique.fr\/parole-de-dieu-4-evangiles-pour-4.html&amp;source=gmail&amp;ust=1575541364743000&amp;usg=AFQjCNGWEiNLbO9xqeUtkqURGQxhcY03XQ\">des \u00e9clairages et des pistes sur les \u00e9vangiles des 4 dimanches de l&rsquo;Avent<\/a><\/span><\/h3>\n<\/li>\n<li>\n<h3><span style=\"color: #339966;\"><a style=\"color: #339966;\" href=\"https:\/\/www.paris.catholique.fr\/comment-preparer-la-venue-du.html\" target=\"_blank\" rel=\"nofollow noopener\" shape=\"rect\" data-saferedirecturl=\"https:\/\/www.google.com\/url?q=https:\/\/www.paris.catholique.fr\/comment-preparer-la-venue-du.html&amp;source=gmail&amp;ust=1575541364743000&amp;usg=AFQjCNGZSmgSNkvr1UTwTtlyPzUnuW3bLw\">une proposition de c\u00e9l\u00e9bration de la r\u00e9conciliation<\/a><\/span><\/h3>\n<\/li>\n<\/ul>\n<\/li>\n<li>\n<h3><span style=\"color: #339966;\">tout en bas de la page, des propositions d&rsquo;activit\u00e9s, bricolages&#8230;<\/span><\/h3>\n<\/li>\n<\/ul>\n<h3><span style=\"color: #339966;\"><a style=\"color: #339966;\" href=\"https:\/\/www.bayardchretien.be\/chretien\/hs-prions-noel-19\" target=\"_blank\" rel=\"nofollow noopener\" shape=\"rect\" data-saferedirecturl=\"https:\/\/www.google.com\/url?q=https:\/\/www.bayardchretien.be\/chretien\/hs-prions-noel-19&amp;source=gmail&amp;ust=1575541364744000&amp;usg=AFQjCNGCqSIARLxmnji2ZfEQSB7J1QKc6g\">Le Hors-s\u00e9rie Prions en Eglise No\u00ebl 2019<\/a> : pri\u00e8res, r\u00e9flexions, bricolages, contes, m\u00e9ditations, t\u00e9moignages&#8230; Id\u00e9es pour faire ensemble.<\/span><\/h3>\n<h3><span style=\"color: #339966;\">Calendrier \u00ab\u00a0<a style=\"color: #339966;\" href=\"https:\/\/editions.crer-bayard.fr\/catalogue\/mon-chemin-de-lavent\/\" target=\"_blank\" rel=\"nofollow noopener\" shape=\"rect\" data-saferedirecturl=\"https:\/\/www.google.com\/url?q=https:\/\/editions.crer-bayard.fr\/catalogue\/mon-chemin-de-lavent\/&amp;source=gmail&amp;ust=1575541364744000&amp;usg=AFQjCNFTW8rAkajPR5niyJa_Wh_WY5T9Fg\">Mon chemin de l&rsquo;Avent\u00a0\u00bb<\/a> de Bayard<\/span><\/h3>\n<p>&nbsp;<\/p>\n","protected":false},"excerpt":{"rendered":"<p>Voici plusieurs ressources, glan\u00e9es sur la toile, pour pr\u00e9parer l&rsquo;Avent au cat\u00e9 : Sur le site du SNCC : pour un Avent \u00e9cologique Sur le site du dioc\u00e8se de Paris : le calendrier de l&rsquo;Avent en ligne : voir un peu plus bas sur la page du dioc\u00e8se de Paris \u00e0 imprimer \u00e0 commander (en &hellip; <\/p>\n<p><a class=\"more-link btn\" href=\"https:\/\/www.mediatech21.fr\/?page_id=1172\">Lire la suite<\/a><\/p>\n","protected":false},"author":1,"featured_media":0,"parent":0,"menu_order":0,"comment_status":"closed","ping_status":"closed","template":"","meta":{"footnotes":""},"_links":{"self":[{"href":"https:\/\/www.mediatech21.fr\/index.php?rest_route=\/wp\/v2\/pages\/1172"}],"collection":[{"href":"https:\/\/www.mediatech21.fr\/index.php?rest_route=\/wp\/v2\/pages"}],"about":[{"href":"https:\/\/www.mediatech21.fr\/index.php?rest_route=\/wp\/v2\/types\/page"}],"author":[{"embeddable":true,"href":"https:\/\/www.mediatech21.fr\/index.php?rest_route=\/wp\/v2\/users\/1"}],"replies":[{"embeddable":true,"href":"https:\/\/www.mediatech21.fr\/index.php?rest_route=%2Fwp%2Fv2%2Fcomments&post=1172"}],"version-history":[{"count":2,"href":"https:\/\/www.mediatech21.fr\/index.php?rest_route=\/wp\/v2\/pages\/1172\/revisions"}],"predecessor-version":[{"id":1176,"href":"https:\/\/www.mediatech21.fr\/index.php?rest_route=\/wp\/v2\/pages\/1172\/revisions\/1176"}],"wp:attachment":[{"href":"https:\/\/www.mediatech21.fr\/index.php?rest_route=%2Fwp%2Fv2%2Fmedia&parent=1172"}],"curies":[{"name":"wp","href":"https:\/\/api.w.org\/{rel}","templated":true}]}}