{"id":1126,"date":"2019-02-14T18:14:38","date_gmt":"2019-02-14T16:14:38","guid":{"rendered":"http:\/\/www.mediatech21.fr\/?page_id=1126"},"modified":"2019-02-27T12:00:56","modified_gmt":"2019-02-27T10:00:56","slug":"careme-2019","status":"publish","type":"page","link":"https:\/\/www.mediatech21.fr\/?page_id=1126","title":{"rendered":"Car\u00eame 2019"},"content":{"rendered":"<h2><span style=\"color: #800080;\"><a style=\"color: #800080;\" href=\"https:\/\/hozana.org\/communaute\/7950-pour-les-10-15-ans-en-route-vers-paques-2019\" target=\"_blank\" rel=\"noopener\">Car\u00eame pour les jeunes 2019 : un carnet pour cheminer vers P\u00e2ques<\/a><\/span><\/h2>\n<h4><span style=\"color: #800080;\">Disponible \u00e0 la maison dioc\u00e9saine ou sur le site hozana.org\/communaute\/7950<br \/>\n<\/span><\/h4>\n<h2><a href=\"http:\/\/www.mediatech21.fr\/wp-content\/uploads\/2019\/02\/Campagne-CCFD-2019.jpg\"><img decoding=\"async\" loading=\"lazy\" class=\"size-thumbnail wp-image-1144 alignleft\" src=\"http:\/\/www.mediatech21.fr\/wp-content\/uploads\/2019\/02\/Campagne-CCFD-2019-150x150.jpg\" alt=\"\" width=\"150\" height=\"150\" \/><\/a><\/h2>\n<h2><\/h2>\n<h2><span style=\"color: #800080;\"><a style=\"color: #800080;\" href=\"https:\/\/ccfd-terresolidaire.org\/mob\/action-et-spiritualite\/vivrelecareme2019\/nos-outils-d-animation-6264\" target=\"_blank\" rel=\"noopener\">D\u00e9couvrez les outils d&rsquo;animation du CCFD pour la campagne de car\u00eame 2019<\/a><\/span><\/h2>\n<p>&nbsp;<\/p>\n<h2><\/h2>\n<h2><span style=\"color: #993366;\">D\u00e9couvrez <a href=\"http:\/\/xwn51.mjt.lu\/nl2\/xwn51\/xzik.html?m=AMIAAC5IL9wAAAABAHwAAAC3zS0AAAAAKHkAACdzAAyuWABcZFvCP7x7pSRXS-mXzbVbPyPThgAMrQg&amp;b=24ef962e&amp;e=65a57f88&amp;x=1QdYkcbTxZe7M5-zKAYK63b64cQtmFv8nydmSNs69uQ\" target=\"_blank\" rel=\"noopener\">Mon chemin de Car\u00eame<\/a> des \u00e9ditions Crer-Bayard pour accompagner les enfants jusqu&rsquo;\u00e0 P\u00e2ques. Il est disponible en <a href=\"http:\/\/www.mediatech21.fr\/wp-content\/uploads\/2019\/02\/unnamed1.jpg\"><img decoding=\"async\" loading=\"lazy\" class=\"wp-image-1132 alignright\" src=\"http:\/\/www.mediatech21.fr\/wp-content\/uploads\/2019\/02\/unnamed1.jpg\" alt=\"\" width=\"246\" height=\"228\" srcset=\"https:\/\/www.mediatech21.fr\/wp-content\/uploads\/2019\/02\/unnamed1.jpg 1200w, https:\/\/www.mediatech21.fr\/wp-content\/uploads\/2019\/02\/unnamed1-300x279.jpg 300w, https:\/\/www.mediatech21.fr\/wp-content\/uploads\/2019\/02\/unnamed1-768x713.jpg 768w, https:\/\/www.mediatech21.fr\/wp-content\/uploads\/2019\/02\/unnamed1-1024x951.jpg 1024w\" sizes=\"(max-width: 246px) 100vw, 246px\" \/><\/a>consultation au service M\u00e9diatech&rsquo;21 et en commande sur le site <a href=\"http:\/\/www.lemondedetheo.fr\/A-98513-mon-chemin-de-careme-ed-crer-bayard.aspx#.XGRPazNKi70\" target=\"_blank\" rel=\"noopener\">\u00ab\u00a0Le monde de Th\u00e9o\u00a0\u00bb<\/a><br \/>\n<\/span><\/h2>\n<p>&nbsp;<\/p>\n<h2><span style=\"color: #993366;\">Le mag<a href=\"http:\/\/www.mediatech21.fr\/wp-content\/uploads\/2019\/02\/PEE-mars-avril-2019-3.jpg\"><img decoding=\"async\" loading=\"lazy\" class=\"size-thumbnail wp-image-1140 alignleft\" src=\"http:\/\/www.mediatech21.fr\/wp-content\/uploads\/2019\/02\/PEE-mars-avril-2019-3-150x150.jpg\" alt=\"\" width=\"150\" height=\"150\" \/><\/a>azine Prions en Eglise Junior de Mars-avril 2019 vous propose aussi de belles id\u00e9es pour vivre le car\u00eame et se pr\u00e9parer \u00e0 P\u00e2ques. N&rsquo;h\u00e9sitez pas \u00e0 venir l&#8217;emprunter au service M\u00e9diatech&rsquo;21 !<\/span><\/h2>\n","protected":false},"excerpt":{"rendered":"<p>Car\u00eame pour les jeunes 2019 : un carnet pour cheminer vers P\u00e2ques Disponible \u00e0 la maison dioc\u00e9saine ou sur le site hozana.org\/communaute\/7950 D\u00e9couvrez les outils d&rsquo;animation du CCFD pour la campagne de car\u00eame 2019 &nbsp; D\u00e9couvrez Mon chemin de Car\u00eame des \u00e9ditions Crer-Bayard pour accompagner les enfants jusqu&rsquo;\u00e0 P\u00e2ques. Il est disponible en consultation au &hellip; <\/p>\n<p><a class=\"more-link btn\" href=\"https:\/\/www.mediatech21.fr\/?page_id=1126\">Lire la suite<\/a><\/p>\n","protected":false},"author":1,"featured_media":0,"parent":0,"menu_order":0,"comment_status":"closed","ping_status":"closed","template":"","meta":{"footnotes":""},"_links":{"self":[{"href":"https:\/\/www.mediatech21.fr\/index.php?rest_route=\/wp\/v2\/pages\/1126"}],"collection":[{"href":"https:\/\/www.mediatech21.fr\/index.php?rest_route=\/wp\/v2\/pages"}],"about":[{"href":"https:\/\/www.mediatech21.fr\/index.php?rest_route=\/wp\/v2\/types\/page"}],"author":[{"embeddable":true,"href":"https:\/\/www.mediatech21.fr\/index.php?rest_route=\/wp\/v2\/users\/1"}],"replies":[{"embeddable":true,"href":"https:\/\/www.mediatech21.fr\/index.php?rest_route=%2Fwp%2Fv2%2Fcomments&post=1126"}],"version-history":[{"count":10,"href":"https:\/\/www.mediatech21.fr\/index.php?rest_route=\/wp\/v2\/pages\/1126\/revisions"}],"predecessor-version":[{"id":1148,"href":"https:\/\/www.mediatech21.fr\/index.php?rest_route=\/wp\/v2\/pages\/1126\/revisions\/1148"}],"wp:attachment":[{"href":"https:\/\/www.mediatech21.fr\/index.php?rest_route=%2Fwp%2Fv2%2Fmedia&parent=1126"}],"curies":[{"name":"wp","href":"https:\/\/api.w.org\/{rel}","templated":true}]}}