{"id":111,"date":"2013-06-17T11:58:41","date_gmt":"2013-06-17T09:58:41","guid":{"rendered":"http:\/\/www.mediadoc21.fr\/?page_id=111"},"modified":"2013-06-17T11:58:41","modified_gmt":"2013-06-17T09:58:41","slug":"careme-2013","status":"publish","type":"page","link":"https:\/\/www.mediatech21.fr\/?page_id=111","title":{"rendered":"Car\u00eame 2013"},"content":{"rendered":"<p>Le Service Audiovisuel a pr\u00e9par\u00e9 pour vous une fiche pour vivre le Car\u00eame avec les jeunes du cat\u00e9 ou de l&rsquo;aum\u00f4nerie, \u00e0 partir du Cat\u00e9chisme pour tous les \u00e2ges, du Dioc\u00e8se de Dijon :<\/p>\n<p><a title=\"careme\" href=\"https:\/\/docs.google.com\/file\/d\/0ByqAXIuipkt8YThiQklZeFhRVkU\/edit?pli=1\" target=\"_blank\">Car\u00eame 2013<\/a><\/p>\n<p>Vous y retrouverez des r\u00e9f\u00e9rences aux pages et aux images du Cat\u00e9chisme ainsi que les textes liturgiques de cette ann\u00e9e, pour vivre le Car\u00eame, dimanche apr\u00e8s dimanche.<br \/>\nChrist ressuscit\u00e9, Vic des Pr\u00e9s (21).<\/p>\n","protected":false},"excerpt":{"rendered":"<p>Le Service Audiovisuel a pr\u00e9par\u00e9 pour vous une fiche pour vivre le Car\u00eame avec les jeunes du cat\u00e9 ou de l&rsquo;aum\u00f4nerie, \u00e0 partir du Cat\u00e9chisme pour tous les \u00e2ges, du Dioc\u00e8se de Dijon : Car\u00eame 2013 Vous y retrouverez des r\u00e9f\u00e9rences aux pages et aux images du Cat\u00e9chisme ainsi que les textes liturgiques de cette &hellip; <\/p>\n<p><a class=\"more-link btn\" href=\"https:\/\/www.mediatech21.fr\/?page_id=111\">Lire la suite<\/a><\/p>\n","protected":false},"author":1,"featured_media":0,"parent":109,"menu_order":0,"comment_status":"open","ping_status":"open","template":"","meta":{"footnotes":""},"_links":{"self":[{"href":"https:\/\/www.mediatech21.fr\/index.php?rest_route=\/wp\/v2\/pages\/111"}],"collection":[{"href":"https:\/\/www.mediatech21.fr\/index.php?rest_route=\/wp\/v2\/pages"}],"about":[{"href":"https:\/\/www.mediatech21.fr\/index.php?rest_route=\/wp\/v2\/types\/page"}],"author":[{"embeddable":true,"href":"https:\/\/www.mediatech21.fr\/index.php?rest_route=\/wp\/v2\/users\/1"}],"replies":[{"embeddable":true,"href":"https:\/\/www.mediatech21.fr\/index.php?rest_route=%2Fwp%2Fv2%2Fcomments&post=111"}],"version-history":[{"count":2,"href":"https:\/\/www.mediatech21.fr\/index.php?rest_route=\/wp\/v2\/pages\/111\/revisions"}],"predecessor-version":[{"id":263,"href":"https:\/\/www.mediatech21.fr\/index.php?rest_route=\/wp\/v2\/pages\/111\/revisions\/263"}],"up":[{"embeddable":true,"href":"https:\/\/www.mediatech21.fr\/index.php?rest_route=\/wp\/v2\/pages\/109"}],"wp:attachment":[{"href":"https:\/\/www.mediatech21.fr\/index.php?rest_route=%2Fwp%2Fv2%2Fmedia&parent=111"}],"curies":[{"name":"wp","href":"https:\/\/api.w.org\/{rel}","templated":true}]}}